{"id":960,"date":"2020-10-02T14:12:33","date_gmt":"2020-10-02T12:12:33","guid":{"rendered":"https:\/\/atr.com.pl\/?page_id=960"},"modified":"2020-10-02T14:19:20","modified_gmt":"2020-10-02T12:19:20","slug":"ibard","status":"publish","type":"page","link":"https:\/\/atr.com.pl\/?page_id=960","title":{"rendered":"IBard"},"content":{"rendered":"\t\t<div data-elementor-type=\"wp-page\" data-elementor-id=\"960\" class=\"elementor elementor-960\">\n\t\t\t\t\t\t<section class=\"elementor-section elementor-top-section elementor-element elementor-element-eb189c3 elementor-section-boxed elementor-section-height-default elementor-section-height-default\" data-id=\"eb189c3\" data-element_type=\"section\">\n\t\t\t\t\t\t<div class=\"elementor-container elementor-column-gap-default\">\n\t\t\t\t\t<div class=\"elementor-column elementor-col-100 elementor-top-column elementor-element elementor-element-1bc8539\" data-id=\"1bc8539\" data-element_type=\"column\">\n\t\t\t<div class=\"elementor-widget-wrap elementor-element-populated\">\n\t\t\t\t\t\t<div class=\"elementor-element elementor-element-7c421d1 elementor-widget elementor-widget-accordion\" data-id=\"7c421d1\" data-element_type=\"widget\" data-widget_type=\"accordion.default\">\n\t\t\t\t<div class=\"elementor-widget-container\">\n\t\t\t\t\t\t\t<div class=\"elementor-accordion\">\n\t\t\t\t\t\t\t<div class=\"elementor-accordion-item\">\n\t\t\t\t\t<div id=\"elementor-tab-title-1301\" class=\"elementor-tab-title\" data-tab=\"1\" role=\"button\" aria-controls=\"elementor-tab-content-1301\" aria-expanded=\"false\">\n\t\t\t\t\t\t\t\t\t\t\t\t<a class=\"elementor-accordion-title\" tabindex=\"0\">Comarch IBARD Aplikacja do zarz\u0105dzania danymi w firmie<\/a>\n\t\t\t\t\t<\/div>\n\t\t\t\t\t<div id=\"elementor-tab-content-1301\" class=\"elementor-tab-content elementor-clearfix\" data-tab=\"1\" role=\"region\" aria-labelledby=\"elementor-tab-title-1301\"><div id=\"1\" class=\"box-single blue\">\n<div class=\"column\">\n<div class=\"p bigger without_small_text\">\n<div>\n<h5><strong>Zarz\u0105dzaj danymi firmowymi z&nbsp;jednego miejsca<\/strong><\/h5>\n<p>Poznaj us\u0142ug\u0119, kt\u00f3ra powsta\u0142a oraz jest rozwijana z&nbsp;my\u015bl\u0105 o&nbsp;Klientach biznesowych, kt\u00f3rzy wiedz\u0105 jakim ryzykiem jest utrata cennych danych, latami gromadzonych i&nbsp;na co dzie\u0144 u\u017cywanych w&nbsp;firmie.<\/p>\n<p>Szereg funkcjonalno\u015bci zaprojektowanych specjalnie pod k\u0105tem prowadzenia dzia\u0142alno\u015bci gospodarczej sprawia, \u017ce rozwi\u0105zania oferowane przez Comarch IBARD sprawdzaj\u0105 si\u0119 na co dzie\u0144 u tysi\u0119cy Klient\u00f3w w ca\u0142ej Polsce.<\/p>\n<\/div>\n<\/div>\n<\/div>\n<\/div>\n<div id=\"2\" class=\"box-text-video\">\n<div class=\"box\">\n<div class=\"image\">\n<div class=\"play\">&nbsp;<\/div>\n<p><img decoding=\"async\" src=\"https:\/\/www.comarch-cloud.pl\/public\/images\/0\/film6.png\"><\/p><\/div><\/div><\/div><div id=\"3\" class=\"box-text-image blue not-scaled\"><div class=\"box\"><div class=\"text\">\n<div class=\"p\">\n<\/div>\n<\/div>\n<\/div>\n<\/div><\/div>\n\t\t\t\t<\/div>\n\t\t\t\t\t\t\t\t<\/div>\n\t\t\t\t\t\t<\/div>\n\t\t\t\t<\/div>\n\t\t\t\t\t<\/div>\n\t\t<\/div>\n\t\t\t\t\t<\/div>\n\t\t<\/section>\n\t\t\t\t<section class=\"elementor-section elementor-top-section elementor-element elementor-element-34aec3f elementor-section-boxed elementor-section-height-default elementor-section-height-default\" data-id=\"34aec3f\" data-element_type=\"section\">\n\t\t\t\t\t\t<div class=\"elementor-container elementor-column-gap-default\">\n\t\t\t\t\t<div class=\"elementor-column elementor-col-100 elementor-top-column elementor-element elementor-element-65d6c1f\" data-id=\"65d6c1f\" data-element_type=\"column\">\n\t\t\t<div class=\"elementor-widget-wrap elementor-element-populated\">\n\t\t\t\t\t\t<div class=\"elementor-element elementor-element-4d5ce1e elementor-widget elementor-widget-accordion\" data-id=\"4d5ce1e\" data-element_type=\"widget\" data-widget_type=\"accordion.default\">\n\t\t\t\t<div class=\"elementor-widget-container\">\n\t\t\t\t\t\t\t<div class=\"elementor-accordion\">\n\t\t\t\t\t\t\t<div class=\"elementor-accordion-item\">\n\t\t\t\t\t<div id=\"elementor-tab-title-8111\" class=\"elementor-tab-title\" data-tab=\"1\" role=\"button\" aria-controls=\"elementor-tab-content-8111\" aria-expanded=\"false\">\n\t\t\t\t\t\t\t\t\t\t\t\t<a class=\"elementor-accordion-title\" tabindex=\"0\">Czym jest Comarch IBARD?<\/a>\n\t\t\t\t\t<\/div>\n\t\t\t\t\t<div id=\"elementor-tab-content-8111\" class=\"elementor-tab-content elementor-clearfix\" data-tab=\"1\" role=\"region\" aria-labelledby=\"elementor-tab-title-8111\"><p><strong>Comarch IBARD\u00a0<\/strong>to wydzielona specjalnie dla Twojej Firmy przestrze\u0144 dyskowa w\u00a0chmurze, na kt\u00f3rej mo\u017cesz bezpiecznie przechowywa\u0107 swoje dane.<\/p><p>Sprawdzona przez tysi\u0105ce Klient\u00f3w uchroni Ci\u0119 przed ryzykiem utraty danych, a\u00a0automatyczna archiwizacja plik\u00f3w pochodz\u0105cych z\u00a0system\u00f3w do zarz\u0105dzania firm\u0105, czy te\u017c komputer\u00f3w i\u00a0smartfon\u00f3w pracownik\u00f3w,\u00a0<strong>zapewni Ci spok\u00f3j i\u00a0gwarancj\u0119 odzyskania plik\u00f3w w\u00a0sytuacji awaryjnej<\/strong>.<\/p><\/div>\n\t\t\t\t<\/div>\n\t\t\t\t\t\t\t\t<\/div>\n\t\t\t\t\t\t<\/div>\n\t\t\t\t<\/div>\n\t\t\t\t\t<\/div>\n\t\t<\/div>\n\t\t\t\t\t<\/div>\n\t\t<\/section>\n\t\t\t\t<section class=\"elementor-section elementor-top-section elementor-element elementor-element-68cb6a3 elementor-section-boxed elementor-section-height-default elementor-section-height-default\" data-id=\"68cb6a3\" data-element_type=\"section\">\n\t\t\t\t\t\t<div class=\"elementor-container elementor-column-gap-default\">\n\t\t\t\t\t<div class=\"elementor-column elementor-col-100 elementor-top-column elementor-element elementor-element-5b1f35d\" data-id=\"5b1f35d\" data-element_type=\"column\">\n\t\t\t<div class=\"elementor-widget-wrap elementor-element-populated\">\n\t\t\t\t\t\t\t<\/div>\n\t\t<\/div>\n\t\t\t\t\t<\/div>\n\t\t<\/section>\n\t\t\t\t<section class=\"elementor-section elementor-top-section elementor-element elementor-element-62a62838 elementor-section-boxed elementor-section-height-default elementor-section-height-default\" data-id=\"62a62838\" data-element_type=\"section\">\n\t\t\t\t\t\t<div class=\"elementor-container elementor-column-gap-default\">\n\t\t\t\t\t<div class=\"elementor-column elementor-col-100 elementor-top-column elementor-element elementor-element-2dad190b\" data-id=\"2dad190b\" data-element_type=\"column\">\n\t\t\t<div class=\"elementor-widget-wrap elementor-element-populated\">\n\t\t\t\t\t\t\t<\/div>\n\t\t<\/div>\n\t\t\t\t\t<\/div>\n\t\t<\/section>\n\t\t\t\t<\/div>\n\t\t","protected":false},"excerpt":{"rendered":"<p>Comarch IBARD Aplikacja do zarz\u0105dzania danymi w firmie Zarz\u0105dzaj danymi firmowymi z&nbsp;jednego miejsca Poznaj us\u0142ug\u0119, kt\u00f3ra powsta\u0142a oraz jest rozwijana z&nbsp;my\u015bl\u0105 o&nbsp;Klientach biznesowych, kt\u00f3rzy wiedz\u0105 jakim ryzykiem jest utrata cennych &#8230;<\/p>\n","protected":false},"author":1,"featured_media":774,"parent":87,"menu_order":0,"comment_status":"closed","ping_status":"closed","template":"","meta":{"footnotes":""},"class_list":["post-960","page","type-page","status-publish","has-post-thumbnail","hentry"],"yoast_head":"<!-- This site is optimized with the Yoast SEO plugin v25.3.1 - https:\/\/yoast.com\/wordpress\/plugins\/seo\/ -->\n<title>IBard -<\/title>\n<meta name=\"robots\" content=\"index, follow, max-snippet:-1, max-image-preview:large, max-video-preview:-1\" \/>\n<link rel=\"canonical\" href=\"https:\/\/atr.com.pl\/?page_id=960\" \/>\n<meta property=\"og:locale\" content=\"pl_PL\" \/>\n<meta property=\"og:type\" content=\"article\" \/>\n<meta property=\"og:title\" content=\"IBard -\" \/>\n<meta property=\"og:description\" content=\"Comarch IBARD Aplikacja do zarz\u0105dzania danymi w firmie Zarz\u0105dzaj danymi firmowymi z&nbsp;jednego miejsca Poznaj us\u0142ug\u0119, kt\u00f3ra powsta\u0142a oraz jest rozwijana z&nbsp;my\u015bl\u0105 o&nbsp;Klientach biznesowych, kt\u00f3rzy wiedz\u0105 jakim ryzykiem jest utrata cennych ...\" \/>\n<meta property=\"og:url\" content=\"https:\/\/atr.com.pl\/?page_id=960\" \/>\n<meta property=\"article:modified_time\" content=\"2020-10-02T12:19:20+00:00\" \/>\n<meta property=\"og:image\" content=\"https:\/\/atr.com.pl\/wp-content\/uploads\/2020\/09\/banner-sg-PPK-1920x640-19082020.jpg\" \/>\n\t<meta property=\"og:image:width\" content=\"1920\" \/>\n\t<meta property=\"og:image:height\" content=\"640\" \/>\n\t<meta property=\"og:image:type\" content=\"image\/jpeg\" \/>\n<meta name=\"twitter:card\" content=\"summary_large_image\" \/>\n<meta name=\"twitter:label1\" content=\"Szacowany czas czytania\" \/>\n\t<meta name=\"twitter:data1\" content=\"1 minuta\" \/>\n<script type=\"application\/ld+json\" class=\"yoast-schema-graph\">{\"@context\":\"https:\/\/schema.org\",\"@graph\":[{\"@type\":\"WebPage\",\"@id\":\"https:\/\/atr.com.pl\/?page_id=960\",\"url\":\"https:\/\/atr.com.pl\/?page_id=960\",\"name\":\"IBard -\",\"isPartOf\":{\"@id\":\"https:\/\/atr.com.pl\/#website\"},\"primaryImageOfPage\":{\"@id\":\"https:\/\/atr.com.pl\/?page_id=960#primaryimage\"},\"image\":{\"@id\":\"https:\/\/atr.com.pl\/?page_id=960#primaryimage\"},\"thumbnailUrl\":\"https:\/\/atr.com.pl\/wp-content\/uploads\/2020\/09\/banner-sg-PPK-1920x640-19082020.jpg\",\"datePublished\":\"2020-10-02T12:12:33+00:00\",\"dateModified\":\"2020-10-02T12:19:20+00:00\",\"breadcrumb\":{\"@id\":\"https:\/\/atr.com.pl\/?page_id=960#breadcrumb\"},\"inLanguage\":\"pl-PL\",\"potentialAction\":[{\"@type\":\"ReadAction\",\"target\":[\"https:\/\/atr.com.pl\/?page_id=960\"]}]},{\"@type\":\"ImageObject\",\"inLanguage\":\"pl-PL\",\"@id\":\"https:\/\/atr.com.pl\/?page_id=960#primaryimage\",\"url\":\"https:\/\/atr.com.pl\/wp-content\/uploads\/2020\/09\/banner-sg-PPK-1920x640-19082020.jpg\",\"contentUrl\":\"https:\/\/atr.com.pl\/wp-content\/uploads\/2020\/09\/banner-sg-PPK-1920x640-19082020.jpg\",\"width\":1920,\"height\":640},{\"@type\":\"BreadcrumbList\",\"@id\":\"https:\/\/atr.com.pl\/?page_id=960#breadcrumb\",\"itemListElement\":[{\"@type\":\"ListItem\",\"position\":1,\"name\":\"Home\",\"item\":\"https:\/\/atr.com.pl\/\"},{\"@type\":\"ListItem\",\"position\":2,\"name\":\"ATR &#8211; Comarch Partner &#8211; Produkty\",\"item\":\"https:\/\/atr.com.pl\/?page_id=87\"},{\"@type\":\"ListItem\",\"position\":3,\"name\":\"IBard\"}]},{\"@type\":\"WebSite\",\"@id\":\"https:\/\/atr.com.pl\/#website\",\"url\":\"https:\/\/atr.com.pl\/\",\"name\":\"\",\"description\":\"\",\"potentialAction\":[{\"@type\":\"SearchAction\",\"target\":{\"@type\":\"EntryPoint\",\"urlTemplate\":\"https:\/\/atr.com.pl\/?s={search_term_string}\"},\"query-input\":{\"@type\":\"PropertyValueSpecification\",\"valueRequired\":true,\"valueName\":\"search_term_string\"}}],\"inLanguage\":\"pl-PL\"}]}<\/script>\n<!-- \/ Yoast SEO plugin. -->","yoast_head_json":{"title":"IBard -","robots":{"index":"index","follow":"follow","max-snippet":"max-snippet:-1","max-image-preview":"max-image-preview:large","max-video-preview":"max-video-preview:-1"},"canonical":"https:\/\/atr.com.pl\/?page_id=960","og_locale":"pl_PL","og_type":"article","og_title":"IBard -","og_description":"Comarch IBARD Aplikacja do zarz\u0105dzania danymi w firmie Zarz\u0105dzaj danymi firmowymi z&nbsp;jednego miejsca Poznaj us\u0142ug\u0119, kt\u00f3ra powsta\u0142a oraz jest rozwijana z&nbsp;my\u015bl\u0105 o&nbsp;Klientach biznesowych, kt\u00f3rzy wiedz\u0105 jakim ryzykiem jest utrata cennych ...","og_url":"https:\/\/atr.com.pl\/?page_id=960","article_modified_time":"2020-10-02T12:19:20+00:00","og_image":[{"width":1920,"height":640,"url":"https:\/\/atr.com.pl\/wp-content\/uploads\/2020\/09\/banner-sg-PPK-1920x640-19082020.jpg","type":"image\/jpeg"}],"twitter_card":"summary_large_image","twitter_misc":{"Szacowany czas czytania":"1 minuta"},"schema":{"@context":"https:\/\/schema.org","@graph":[{"@type":"WebPage","@id":"https:\/\/atr.com.pl\/?page_id=960","url":"https:\/\/atr.com.pl\/?page_id=960","name":"IBard -","isPartOf":{"@id":"https:\/\/atr.com.pl\/#website"},"primaryImageOfPage":{"@id":"https:\/\/atr.com.pl\/?page_id=960#primaryimage"},"image":{"@id":"https:\/\/atr.com.pl\/?page_id=960#primaryimage"},"thumbnailUrl":"https:\/\/atr.com.pl\/wp-content\/uploads\/2020\/09\/banner-sg-PPK-1920x640-19082020.jpg","datePublished":"2020-10-02T12:12:33+00:00","dateModified":"2020-10-02T12:19:20+00:00","breadcrumb":{"@id":"https:\/\/atr.com.pl\/?page_id=960#breadcrumb"},"inLanguage":"pl-PL","potentialAction":[{"@type":"ReadAction","target":["https:\/\/atr.com.pl\/?page_id=960"]}]},{"@type":"ImageObject","inLanguage":"pl-PL","@id":"https:\/\/atr.com.pl\/?page_id=960#primaryimage","url":"https:\/\/atr.com.pl\/wp-content\/uploads\/2020\/09\/banner-sg-PPK-1920x640-19082020.jpg","contentUrl":"https:\/\/atr.com.pl\/wp-content\/uploads\/2020\/09\/banner-sg-PPK-1920x640-19082020.jpg","width":1920,"height":640},{"@type":"BreadcrumbList","@id":"https:\/\/atr.com.pl\/?page_id=960#breadcrumb","itemListElement":[{"@type":"ListItem","position":1,"name":"Home","item":"https:\/\/atr.com.pl\/"},{"@type":"ListItem","position":2,"name":"ATR &#8211; Comarch Partner &#8211; Produkty","item":"https:\/\/atr.com.pl\/?page_id=87"},{"@type":"ListItem","position":3,"name":"IBard"}]},{"@type":"WebSite","@id":"https:\/\/atr.com.pl\/#website","url":"https:\/\/atr.com.pl\/","name":"","description":"","potentialAction":[{"@type":"SearchAction","target":{"@type":"EntryPoint","urlTemplate":"https:\/\/atr.com.pl\/?s={search_term_string}"},"query-input":{"@type":"PropertyValueSpecification","valueRequired":true,"valueName":"search_term_string"}}],"inLanguage":"pl-PL"}]}},"_links":{"self":[{"href":"https:\/\/atr.com.pl\/index.php?rest_route=\/wp\/v2\/pages\/960","targetHints":{"allow":["GET"]}}],"collection":[{"href":"https:\/\/atr.com.pl\/index.php?rest_route=\/wp\/v2\/pages"}],"about":[{"href":"https:\/\/atr.com.pl\/index.php?rest_route=\/wp\/v2\/types\/page"}],"author":[{"embeddable":true,"href":"https:\/\/atr.com.pl\/index.php?rest_route=\/wp\/v2\/users\/1"}],"replies":[{"embeddable":true,"href":"https:\/\/atr.com.pl\/index.php?rest_route=%2Fwp%2Fv2%2Fcomments&post=960"}],"version-history":[{"count":2,"href":"https:\/\/atr.com.pl\/index.php?rest_route=\/wp\/v2\/pages\/960\/revisions"}],"predecessor-version":[{"id":962,"href":"https:\/\/atr.com.pl\/index.php?rest_route=\/wp\/v2\/pages\/960\/revisions\/962"}],"up":[{"embeddable":true,"href":"https:\/\/atr.com.pl\/index.php?rest_route=\/wp\/v2\/pages\/87"}],"wp:featuredmedia":[{"embeddable":true,"href":"https:\/\/atr.com.pl\/index.php?rest_route=\/wp\/v2\/media\/774"}],"wp:attachment":[{"href":"https:\/\/atr.com.pl\/index.php?rest_route=%2Fwp%2Fv2%2Fmedia&parent=960"}],"curies":[{"name":"wp","href":"https:\/\/api.w.org\/{rel}","templated":true}]}}