{"id":673,"date":"2020-08-21T14:37:32","date_gmt":"2020-08-21T12:37:32","guid":{"rendered":"https:\/\/atr.com.pl\/?page_id=673"},"modified":"2020-09-18T10:46:49","modified_gmt":"2020-09-18T08:46:49","slug":"comarch-erp-optima-handel","status":"publish","type":"page","link":"https:\/\/atr.com.pl\/?page_id=673","title":{"rendered":"Comarch ERP Optima handel"},"content":{"rendered":"\t\t<div data-elementor-type=\"wp-page\" data-elementor-id=\"673\" class=\"elementor elementor-673\">\n\t\t\t\t\t\t<section class=\"elementor-section elementor-top-section elementor-element elementor-element-f8f314b elementor-section-boxed elementor-section-height-default elementor-section-height-default\" data-id=\"f8f314b\" data-element_type=\"section\">\n\t\t\t\t\t\t<div class=\"elementor-container elementor-column-gap-default\">\n\t\t\t\t\t<div class=\"elementor-column elementor-col-100 elementor-top-column elementor-element elementor-element-2c08ef0\" data-id=\"2c08ef0\" data-element_type=\"column\">\n\t\t\t<div class=\"elementor-widget-wrap elementor-element-populated\">\n\t\t\t\t\t\t<div class=\"elementor-element elementor-element-8d2609c elementor-arrows-position-inside elementor-pagination-position-outside elementor-widget elementor-widget-image-carousel\" data-id=\"8d2609c\" data-element_type=\"widget\" data-settings=\"{&quot;navigation&quot;:&quot;both&quot;,&quot;autoplay&quot;:&quot;yes&quot;,&quot;pause_on_hover&quot;:&quot;yes&quot;,&quot;pause_on_interaction&quot;:&quot;yes&quot;,&quot;autoplay_speed&quot;:5000,&quot;infinite&quot;:&quot;yes&quot;,&quot;speed&quot;:500}\" data-widget_type=\"image-carousel.default\">\n\t\t\t\t<div class=\"elementor-widget-container\">\n\t\t\t\t\t\t\t<div class=\"elementor-image-carousel-wrapper swiper\" role=\"region\" aria-roledescription=\"carousel\" aria-label=\"Karuzela obrazk\u00f3w\" dir=\"ltr\">\n\t\t\t<div class=\"elementor-image-carousel swiper-wrapper\" aria-live=\"off\">\n\t\t\t\t\t\t\t\t<div class=\"swiper-slide\" role=\"group\" aria-roledescription=\"slide\" aria-label=\"1 z 3\"><a data-elementor-open-lightbox=\"yes\" data-elementor-lightbox-slideshow=\"8d2609c\" data-elementor-lightbox-title=\"Faktury_sprzedaz_dedykowana\" data-e-action-hash=\"#elementor-action%3Aaction%3Dlightbox%26settings%3DeyJpZCI6Njc5LCJ1cmwiOiJodHRwczpcL1wvYXRyLmNvbS5wbFwvd3AtY29udGVudFwvdXBsb2Fkc1wvMjAyMFwvMDhcL0Zha3R1cnlfc3ByemVkYXpfZGVkeWtvd2FuYS5wbmciLCJzbGlkZXNob3ciOiI4ZDI2MDljIn0%3D\" href=\"https:\/\/atr.com.pl\/wp-content\/uploads\/2020\/08\/Faktury_sprzedaz_dedykowana.png\"><figure class=\"swiper-slide-inner\"><img decoding=\"async\" class=\"swiper-slide-image\" src=\"https:\/\/atr.com.pl\/wp-content\/uploads\/2020\/08\/Faktury_sprzedaz_dedykowana-150x150.png\" alt=\"Faktury_sprzedaz_dedykowana\" \/><\/figure><\/a><\/div><div class=\"swiper-slide\" role=\"group\" aria-roledescription=\"slide\" aria-label=\"2 z 3\"><a data-elementor-open-lightbox=\"yes\" data-elementor-lightbox-slideshow=\"8d2609c\" data-elementor-lightbox-title=\"erp-inwentaryzacjav2\" data-e-action-hash=\"#elementor-action%3Aaction%3Dlightbox%26settings%3DeyJpZCI6NjgwLCJ1cmwiOiJodHRwczpcL1wvYXRyLmNvbS5wbFwvd3AtY29udGVudFwvdXBsb2Fkc1wvMjAyMFwvMDhcL2VycC1pbndlbnRhcnl6YWNqYXYyLnBuZyIsInNsaWRlc2hvdyI6IjhkMjYwOWMifQ%3D%3D\" href=\"https:\/\/atr.com.pl\/wp-content\/uploads\/2020\/08\/erp-inwentaryzacjav2.png\"><figure class=\"swiper-slide-inner\"><img decoding=\"async\" class=\"swiper-slide-image\" src=\"https:\/\/atr.com.pl\/wp-content\/uploads\/2020\/08\/erp-inwentaryzacjav2-150x150.png\" alt=\"erp-inwentaryzacjav2\" \/><\/figure><\/a><\/div><div class=\"swiper-slide\" role=\"group\" aria-roledescription=\"slide\" aria-label=\"3 z 3\"><a data-elementor-open-lightbox=\"yes\" data-elementor-lightbox-slideshow=\"8d2609c\" data-elementor-lightbox-title=\"Detal_ekran_glowny\" data-e-action-hash=\"#elementor-action%3Aaction%3Dlightbox%26settings%3DeyJpZCI6NjgxLCJ1cmwiOiJodHRwczpcL1wvYXRyLmNvbS5wbFwvd3AtY29udGVudFwvdXBsb2Fkc1wvMjAyMFwvMDhcL0RldGFsX2VrcmFuX2dsb3dueS5wbmciLCJzbGlkZXNob3ciOiI4ZDI2MDljIn0%3D\" href=\"https:\/\/atr.com.pl\/wp-content\/uploads\/2020\/08\/Detal_ekran_glowny.png\"><figure class=\"swiper-slide-inner\"><img decoding=\"async\" class=\"swiper-slide-image\" src=\"https:\/\/atr.com.pl\/wp-content\/uploads\/2020\/08\/Detal_ekran_glowny-150x150.png\" alt=\"Detal_ekran_glowny\" \/><\/figure><\/a><\/div>\t\t\t<\/div>\n\t\t\t\t\t\t\t\t\t\t\t\t<div class=\"elementor-swiper-button elementor-swiper-button-prev\" role=\"button\" tabindex=\"0\">\n\t\t\t\t\t\t<i aria-hidden=\"true\" class=\"eicon-chevron-left\"><\/i>\t\t\t\t\t<\/div>\n\t\t\t\t\t<div class=\"elementor-swiper-button elementor-swiper-button-next\" role=\"button\" tabindex=\"0\">\n\t\t\t\t\t\t<i aria-hidden=\"true\" class=\"eicon-chevron-right\"><\/i>\t\t\t\t\t<\/div>\n\t\t\t\t\n\t\t\t\t\t\t\t\t\t<div class=\"swiper-pagination\"><\/div>\n\t\t\t\t\t\t\t\t\t<\/div>\n\t\t\t\t\t\t<\/div>\n\t\t\t\t<\/div>\n\t\t\t\t\t<\/div>\n\t\t<\/div>\n\t\t\t\t\t<\/div>\n\t\t<\/section>\n\t\t\t\t<section class=\"elementor-section elementor-top-section elementor-element elementor-element-10ab8b8 elementor-section-boxed elementor-section-height-default elementor-section-height-default\" data-id=\"10ab8b8\" data-element_type=\"section\">\n\t\t\t\t\t\t<div class=\"elementor-container elementor-column-gap-default\">\n\t\t\t\t\t<div class=\"elementor-column elementor-col-100 elementor-top-column elementor-element elementor-element-11e65f9\" data-id=\"11e65f9\" data-element_type=\"column\">\n\t\t\t<div class=\"elementor-widget-wrap elementor-element-populated\">\n\t\t\t\t\t\t<div class=\"elementor-element elementor-element-3ee5627 elementor-widget elementor-widget-accordion\" data-id=\"3ee5627\" data-element_type=\"widget\" data-widget_type=\"accordion.default\">\n\t\t\t\t<div class=\"elementor-widget-container\">\n\t\t\t\t\t\t\t<div class=\"elementor-accordion\">\n\t\t\t\t\t\t\t<div class=\"elementor-accordion-item\">\n\t\t\t\t\t<div id=\"elementor-tab-title-6591\" class=\"elementor-tab-title\" data-tab=\"1\" role=\"button\" aria-controls=\"elementor-tab-content-6591\" aria-expanded=\"false\">\n\t\t\t\t\t\t\t\t\t\t\t\t<a class=\"elementor-accordion-title\" tabindex=\"0\">Comaech ERP Optima obszar handel i magazyn<\/a>\n\t\t\t\t\t<\/div>\n\t\t\t\t\t<div id=\"elementor-tab-content-6591\" class=\"elementor-tab-content elementor-clearfix\" data-tab=\"1\" role=\"region\" aria-labelledby=\"elementor-tab-title-6591\"><p>Comarch ERP Optima Handel to modu\u0142 wspomagaj\u0105cy <strong>sprzeda\u017c i magazynowanie<\/strong>. Modu\u0142 ten zawiera wszystkie funkcjonalno\u015bci modu\u0142u Faktury, a tak\u017ce gwarantuje pe\u0142n\u0105 kontrol\u0119 proces\u00f3w logistycznych prowadzonych w przedsi\u0119biorstwie, przez co umo\u017cliwia efektywne <strong>zarz\u0105dzanie towarami w magazynie<\/strong>.<\/p><\/div>\n\t\t\t\t<\/div>\n\t\t\t\t\t\t\t\t<\/div>\n\t\t\t\t\t\t<\/div>\n\t\t\t\t<\/div>\n\t\t\t\t\t<\/div>\n\t\t<\/div>\n\t\t\t\t\t<\/div>\n\t\t<\/section>\n\t\t\t\t<section class=\"elementor-section elementor-top-section elementor-element elementor-element-262f617 elementor-section-boxed elementor-section-height-default elementor-section-height-default\" data-id=\"262f617\" data-element_type=\"section\">\n\t\t\t\t\t\t<div class=\"elementor-container elementor-column-gap-default\">\n\t\t\t\t\t<div class=\"elementor-column elementor-col-100 elementor-top-column elementor-element elementor-element-717cc9d\" data-id=\"717cc9d\" data-element_type=\"column\">\n\t\t\t<div class=\"elementor-widget-wrap elementor-element-populated\">\n\t\t\t\t\t\t<div class=\"elementor-element elementor-element-f29cfc7 elementor-widget elementor-widget-accordion\" data-id=\"f29cfc7\" data-element_type=\"widget\" data-widget_type=\"accordion.default\">\n\t\t\t\t<div class=\"elementor-widget-container\">\n\t\t\t\t\t\t\t<div class=\"elementor-accordion\">\n\t\t\t\t\t\t\t<div class=\"elementor-accordion-item\">\n\t\t\t\t\t<div id=\"elementor-tab-title-2541\" class=\"elementor-tab-title\" data-tab=\"1\" role=\"button\" aria-controls=\"elementor-tab-content-2541\" aria-expanded=\"false\">\n\t\t\t\t\t\t\t\t\t\t\t\t<a class=\"elementor-accordion-title\" tabindex=\"0\">Comarch ERP Optima Handel<\/a>\n\t\t\t\t\t<\/div>\n\t\t\t\t\t<div id=\"elementor-tab-content-2541\" class=\"elementor-tab-content elementor-clearfix\" data-tab=\"1\" role=\"region\" aria-labelledby=\"elementor-tab-title-2541\"><p>Modu\u0142 <strong>Comarch<\/strong> <strong>ERP Optima Handel <\/strong>umo\u017cliwia <strong>:<\/strong><\/p><ul><li>wystawianie <strong>r\u00f3\u017cnorodnych dokument\u00f3w magazynowych<\/strong>,<\/li><li>dodanie w programie logo firmy, kt\u00f3re jest drukowane na dedykowanych wydrukach Faktury Sprzeda\u017cy,<\/li><li>prowadzenie wielu magazyn\u00f3w jednocze\u015bnie,<\/li><li>okre\u015blenie metody <strong>rozliczania magazynu<\/strong> (FIFO, LIFO, AVCO),<\/li><li>przeprowadzenie inwentaryzacji (<a href=\"https:\/\/www.youtube.com\/watch?v=Yq69tA89OKg\" target=\"_blank\" rel=\"nofollow noopener\">zobacz film<\/a>),<\/li><li>prost\u0105 produkcj\u0119,<\/li><li>obs\u0142uga mechanizmu podzielonej p\u0142atno\u015bci,<\/li><li>bezpo\u015bredni\u0105 integracj\u0119 z firmami kurierskimi: DPD, DHL, Sendit, Poczta Polska, InPost Paczkomaty, InPost Allegro<\/li><li>obr\u00f3t opakowaniami kaucjonowanymi,<\/li><li>ewidencj\u0119 wyrob\u00f3w w\u0119glowych,<\/li><li>tworzenie deklaracji Intrastat,<\/li><li>wsp\u00f3\u0142prac\u0119 z Krajowym Rejestrem D\u0142ug\u00f3w w celu weryfikacji wiarygodno\u015bci kontrahent\u00f3w,<\/li><li>monitorowanie przewozu towar\u00f3w wra\u017cliwych za pomoc\u0105 <a href=\"https:\/\/www.comarch.pl\/erp\/zmiany-prawa\/handel\/sent-system-rejestracji-i-monitorowania-przewozu-towarow\/\" target=\"_blank\" rel=\"noopener\"><strong>SENT<\/strong><\/a>, (<a href=\"https:\/\/www.youtube.com\/watch?v=3cUQa0b85Ic&amp;feature=youtu.be\">Zobacz film<\/a>),<\/li><li>prowadzenie sprzeda\u017cy internetowej (wsp\u00f3\u0142praca z Comarch ERP e-Sklep, wszystko.pl),<\/li><li>wsp\u00f3\u0142prac\u0119 z aplikacj\u0105 dla przedstawicieli handlowych Comarch ERP Mobile Sprzeda\u017c,<\/li><li>wsp\u00f3\u0142prac\u0119 z drukarkami i kasami fiskalnymi, terminalami p\u0142atniczymi,\u00a0 czytnikami kod\u00f3w kreskowych, kolektorami danych, drukarkami etykiet.<\/li><\/ul><p>Modu\u0142<strong> Comarch ERP Optima Handel Plus<\/strong> zawiera funkcjonalno\u015bci niezb\u0119dne w przypadku przedsi\u0119biorstw prowadz\u0105cych rozbudowan\u0105 gospodark\u0119 magazynow\u0105.\u00a0<\/p><p>Modu\u0142 Comarch <strong>ERP Optima Handel Plus <\/strong>pozwala dodatkowo na<strong>:<\/strong><\/p><ul><li>oznaczanie przyj\u0119\u0107 towar\u00f3w konkretnymi partiami, dzi\u0119ki czemu U\u017cytkownik mo\u017ce zdecydowa\u0107, z kt\u00f3rej dostawy lub kt\u00f3r\u0105 sztuk\u0119 o okre\u015blonych cechach chce wyda\u0107 z magazynu (<a href=\"https:\/\/www.youtube.com\/watch?v=BunBiTRGNk0\">zobacz film<\/a>),<\/li><li>wystawienie Faktur Zakupu\/Sprzeda\u017cy oraz Paragon\u00f3w na towary pochodz\u0105ce z r\u00f3\u017cnych magazyn\u00f3w<\/li><\/ul><\/div>\n\t\t\t\t<\/div>\n\t\t\t\t\t\t\t<div class=\"elementor-accordion-item\">\n\t\t\t\t\t<div id=\"elementor-tab-title-2542\" class=\"elementor-tab-title\" data-tab=\"2\" role=\"button\" aria-controls=\"elementor-tab-content-2542\" aria-expanded=\"false\">\n\t\t\t\t\t\t\t\t\t\t\t\t<a class=\"elementor-accordion-title\" tabindex=\"0\">Comarch ERP Optima Detal<\/a>\n\t\t\t\t\t<\/div>\n\t\t\t\t\t<div id=\"elementor-tab-content-2542\" class=\"elementor-tab-content elementor-clearfix\" data-tab=\"2\" role=\"region\" aria-labelledby=\"elementor-tab-title-2542\"><p>Modu\u0142 Comarch ERP Optima Detal zosta\u0142 stworzony z my\u015bl\u0105 o punktach sprzeda\u017cy detalicznej. Umo\u017cliwia wystawianie paragon\u00f3w oraz powi\u0105zanych z nimi faktur sprzeda\u017cy. \u0141atwa obs\u0142uga, wsp\u00f3\u0142praca z ekranami dotykowymi i czytnikami kod\u00f3w kreskowych oraz czytelny interfejs, czyni z okna sprzeda\u017cy detalicznej doskona\u0142e narz\u0119dzie do pracy w sklepach, punktach gastronomicznych czy firmach handlowych. Aplikacja jest zintegrowana z pozosta\u0142ymi modu\u0142ami Comarch ERP Optima, z kt\u00f3rymi wsp\u00f3\u0142pracuje podczas prowadzenia sprzeda\u017cy.<\/p><\/div>\n\t\t\t\t<\/div>\n\t\t\t\t\t\t\t<div class=\"elementor-accordion-item\">\n\t\t\t\t\t<div id=\"elementor-tab-title-2543\" class=\"elementor-tab-title\" data-tab=\"3\" role=\"button\" aria-controls=\"elementor-tab-content-2543\" aria-expanded=\"false\">\n\t\t\t\t\t\t\t\t\t\t\t\t<a class=\"elementor-accordion-title\" tabindex=\"0\">Comarch Mobile Inwentaryzacja<\/a>\n\t\t\t\t\t<\/div>\n\t\t\t\t\t<div id=\"elementor-tab-content-2543\" class=\"elementor-tab-content elementor-clearfix\" data-tab=\"3\" role=\"region\" aria-labelledby=\"elementor-tab-title-2543\"><p>Aplikacja <strong>Comarch\u00a0Mobile Inwentaryzacja<\/strong>\u00a0(do pobrania w sklepie Google Play) zosta\u0142a przygotowana, z my\u015bl\u0105 o wsparciu procesu inwentaryzacji. Dzi\u0119ki niej telefon z wbudowanym aparatem mo\u017ce pe\u0142ni\u0107 funkcj\u0119 przeno\u015bnego skanera kod\u00f3w kreskowych oraz kolektora danych.<\/p><p>W efekcie pracy z aplikacj\u0105 powstaj\u0105 pliki z danymi inwentaryzacyjnymi, kt\u00f3re mo\u017cna szybko i wygodnie wgra\u0107 na dysk w chmurze (np. iBard24), przes\u0142a\u0107 na wskazany e mail lub skopiowa\u0107 na komputer. Format pliku wynikowego jest w pe\u0142ni dostosowany do wymiany z systemem <strong>Comarch ERP Optima<\/strong>. W zwi\u0105zku z tym rozwi\u0105zanie to sprawdzi si\u0119 nie tylko w trakcie inwentaryzacji, ale tak\u017ce podczas tworzenia innych dokument\u00f3w handlowo-magazynowych.<\/p><p>Podstawowe funkcje aplikacji:<\/p><ul><li>Konfigurowalne dzia\u0142anie aplikacji<\/li><li>Mo\u017cliwo\u015b\u0107 tworzenia wielu arkuszy inwentaryzacyjnych<\/li><li>Dodawanie\/edycja\/usuwanie pozycji inwentaryzowanych<\/li><li>Wykorzystanie aparatu urz\u0105dzenia mobilnego do skanowania kod\u00f3w kreskowych<\/li><li>Mo\u017cliwo\u015b\u0107 manualnego wprowadzania pozycji<\/li><li>Wyszukiwanie w arkuszu zeskanowanego lub wprowadzonego r\u0119cznie kodu towaru<\/li><li>Mo\u017cliwo\u015b\u0107 przeprowadzenia inwentaryzacji towar\u00f3w zaimportowanych z pliku wygenerowanego w Comarch ERP Optima<\/li><li>Wsp\u00f3\u0142praca z aplikacj\u0105 iBard24<\/li><li>Eksport danych inwentaryzacyjnych<\/li><li>Wysy\u0142anie plik\u00f3w na e-mail (mo\u017cliwo\u015b\u0107 wskazania domy\u015blnego adresu)<\/li><\/ul><\/div>\n\t\t\t\t<\/div>\n\t\t\t\t\t\t\t<div class=\"elementor-accordion-item\">\n\t\t\t\t\t<div id=\"elementor-tab-title-2544\" class=\"elementor-tab-title\" data-tab=\"4\" role=\"button\" aria-controls=\"elementor-tab-content-2544\" aria-expanded=\"false\">\n\t\t\t\t\t\t\t\t\t\t\t\t<a class=\"elementor-accordion-title\" tabindex=\"0\">Comarch ERP Optima Faktury<\/a>\n\t\t\t\t\t<\/div>\n\t\t\t\t\t<div id=\"elementor-tab-content-2544\" class=\"elementor-tab-content elementor-clearfix\" data-tab=\"4\" role=\"region\" aria-labelledby=\"elementor-tab-title-2544\"><p>Comarch ERP Optima Faktury to modu\u0142 przeznaczony dla firm us\u0142ugowych, kt\u00f3ry w prosty spos\u00f3b umo\u017cliwia obs\u0142ug\u0119 transakcji handlowych. Dzi\u0119ki pe\u0142nej integracji z pozosta\u0142ymi modu\u0142ami przep\u0142yw danych w programie jest niczym nie ograniczony, co usprawnia obs\u0142ug\u0119 rozlicze\u0144 handlowych oraz procesy ksi\u0119gowe.<\/p><p>Modu\u0142 <strong>Comarch<\/strong> <strong>ERP Optima Faktury <\/strong>umo\u017cliwia<strong>:<\/strong><\/p><ul><li>wystawienie faktur sprzeda\u017cowych\u00a0i zakupowych,<\/li><li>fiskalizacj\u0119 sprzeda\u017cy dla os\u00f3b fizycznych,<\/li><li>obs\u0142ug\u0119 transakcji w z\u0142ot\u00f3wkach i w walutach obcych,<\/li><li>wystawianie dokument\u00f3w koryguj\u0105cych (korekty: danych, ilo\u015bci, warto\u015bci (ceny), stawki VAT, zbiorcza\/rabat, kursu walut),<\/li><li>sprzeda\u017c\/zakup ze standardowymi formami p\u0142atno\u015bci (got\u00f3wka, przelew, kompensata), jak r\u00f3wnie\u017c zdefiniowanymi przez U\u017cytkownika programu,<\/li><li>prowadzenie rejestru us\u0142ug i kontrahent\u00f3w.<\/li><\/ul><\/div>\n\t\t\t\t<\/div>\n\t\t\t\t\t\t\t\t<\/div>\n\t\t\t\t\t\t<\/div>\n\t\t\t\t<\/div>\n\t\t\t\t\t<\/div>\n\t\t<\/div>\n\t\t\t\t\t<\/div>\n\t\t<\/section>\n\t\t\t\t<section class=\"elementor-section elementor-top-section elementor-element elementor-element-58d9802 elementor-section-boxed elementor-section-height-default elementor-section-height-default\" data-id=\"58d9802\" data-element_type=\"section\">\n\t\t\t\t\t\t<div class=\"elementor-container elementor-column-gap-default\">\n\t\t\t\t\t<div class=\"elementor-column elementor-col-100 elementor-top-column elementor-element elementor-element-0f21cec\" data-id=\"0f21cec\" data-element_type=\"column\">\n\t\t\t<div class=\"elementor-widget-wrap elementor-element-populated\">\n\t\t\t\t\t\t<div class=\"elementor-element elementor-element-a3bdaa4 elementor-widget elementor-widget-text-editor\" data-id=\"a3bdaa4\" data-element_type=\"widget\" data-widget_type=\"text-editor.default\">\n\t\t\t\t<div class=\"elementor-widget-container\">\n\t\t\t\t\t\t\t\t\t<p>Modu\u0142y handlowe wsp\u00f3\u0142pracuj\u0105 z modu\u0142em <strong>Comarch ERP Optima Kasa Bank<\/strong>, kt\u00f3ry umo\u017cliwia bie\u017c\u0105c\u0105 kontrol\u0119 wszelkich zagadnie\u0144 zwi\u0105zanych z przep\u0142ywem \u015brodk\u00f3w pieni\u0119\u017cnych w firmie. Pozwala na uzyskanie informacji na temat kondycji finansowej przedsi\u0119biorstwa, rzeczywistych \u017ar\u00f3de\u0142 uzyskiwanych przychod\u00f3w, a tak\u017ce ponoszonych koszt\u00f3w, czy te\u017c stanu bie\u017c\u0105cych nale\u017cno\u015bci i zobowi\u0105za\u0144.<\/p>\t\t\t\t\t\t\t\t<\/div>\n\t\t\t\t<\/div>\n\t\t\t\t\t<\/div>\n\t\t<\/div>\n\t\t\t\t\t<\/div>\n\t\t<\/section>\n\t\t\t\t<section class=\"elementor-section elementor-top-section elementor-element elementor-element-d63cefd elementor-section-boxed elementor-section-height-default elementor-section-height-default\" data-id=\"d63cefd\" data-element_type=\"section\">\n\t\t\t\t\t\t<div class=\"elementor-container elementor-column-gap-default\">\n\t\t\t\t\t<div class=\"elementor-column elementor-col-100 elementor-top-column elementor-element elementor-element-01625c2\" data-id=\"01625c2\" data-element_type=\"column\">\n\t\t\t<div class=\"elementor-widget-wrap elementor-element-populated\">\n\t\t\t\t\t\t<div class=\"elementor-element elementor-element-41e651d elementor-align-right elementor-widget elementor-widget-button\" data-id=\"41e651d\" data-element_type=\"widget\" data-widget_type=\"button.default\">\n\t\t\t\t<div class=\"elementor-widget-container\">\n\t\t\t\t\t\t\t\t\t<div class=\"elementor-button-wrapper\">\n\t\t\t\t\t<a class=\"elementor-button elementor-button-link elementor-size-sm\" href=\"https:\/\/atr.com.pl\/?page_id=643\">\n\t\t\t\t\t\t<span class=\"elementor-button-content-wrapper\">\n\t\t\t\t\t\t\t\t\t<span class=\"elementor-button-text\">Powr\u00f3t do Comarch ERP Optima<\/span>\n\t\t\t\t\t<\/span>\n\t\t\t\t\t<\/a>\n\t\t\t\t<\/div>\n\t\t\t\t\t\t\t\t<\/div>\n\t\t\t\t<\/div>\n\t\t\t\t\t<\/div>\n\t\t<\/div>\n\t\t\t\t\t<\/div>\n\t\t<\/section>\n\t\t\t\t<\/div>\n\t\t","protected":false},"excerpt":{"rendered":"<p>Previous Next Comaech ERP Optima obszar handel i magazyn Comarch ERP Optima Handel to modu\u0142 wspomagaj\u0105cy sprzeda\u017c i magazynowanie. Modu\u0142 ten zawiera wszystkie funkcjonalno\u015bci modu\u0142u Faktury, a tak\u017ce gwarantuje pe\u0142n\u0105 &#8230;<\/p>\n","protected":false},"author":1,"featured_media":740,"parent":643,"menu_order":0,"comment_status":"closed","ping_status":"closed","template":"","meta":{"footnotes":""},"class_list":["post-673","page","type-page","status-publish","has-post-thumbnail","hentry"],"yoast_head":"<!-- This site is optimized with the Yoast SEO plugin v25.3.1 - https:\/\/yoast.com\/wordpress\/plugins\/seo\/ -->\n<title>Comarch ERP Optima handel -<\/title>\n<meta name=\"robots\" content=\"index, follow, max-snippet:-1, max-image-preview:large, max-video-preview:-1\" \/>\n<link rel=\"canonical\" href=\"https:\/\/atr.com.pl\/?page_id=673\" \/>\n<meta property=\"og:locale\" content=\"pl_PL\" \/>\n<meta property=\"og:type\" content=\"article\" \/>\n<meta property=\"og:title\" content=\"Comarch ERP Optima handel -\" \/>\n<meta property=\"og:description\" content=\"Previous Next Comaech ERP Optima obszar handel i magazyn Comarch ERP Optima Handel to modu\u0142 wspomagaj\u0105cy sprzeda\u017c i magazynowanie. Modu\u0142 ten zawiera wszystkie funkcjonalno\u015bci modu\u0142u Faktury, a tak\u017ce gwarantuje pe\u0142n\u0105 ...\" \/>\n<meta property=\"og:url\" content=\"https:\/\/atr.com.pl\/?page_id=673\" \/>\n<meta property=\"article:modified_time\" content=\"2020-09-18T08:46:49+00:00\" \/>\n<meta property=\"og:image\" content=\"https:\/\/atr.com.pl\/wp-content\/uploads\/2020\/09\/baner-handel-z-magazynem-1920x640-1.png\" \/>\n\t<meta property=\"og:image:width\" content=\"1920\" \/>\n\t<meta property=\"og:image:height\" content=\"640\" \/>\n\t<meta property=\"og:image:type\" content=\"image\/png\" \/>\n<meta name=\"twitter:card\" content=\"summary_large_image\" \/>\n<meta name=\"twitter:label1\" content=\"Szacowany czas czytania\" \/>\n\t<meta name=\"twitter:data1\" content=\"4 minuty\" \/>\n<script type=\"application\/ld+json\" class=\"yoast-schema-graph\">{\"@context\":\"https:\/\/schema.org\",\"@graph\":[{\"@type\":\"WebPage\",\"@id\":\"https:\/\/atr.com.pl\/?page_id=673\",\"url\":\"https:\/\/atr.com.pl\/?page_id=673\",\"name\":\"Comarch ERP Optima handel -\",\"isPartOf\":{\"@id\":\"https:\/\/atr.com.pl\/#website\"},\"primaryImageOfPage\":{\"@id\":\"https:\/\/atr.com.pl\/?page_id=673#primaryimage\"},\"image\":{\"@id\":\"https:\/\/atr.com.pl\/?page_id=673#primaryimage\"},\"thumbnailUrl\":\"https:\/\/atr.com.pl\/wp-content\/uploads\/2020\/09\/baner-handel-z-magazynem-1920x640-1.png\",\"datePublished\":\"2020-08-21T12:37:32+00:00\",\"dateModified\":\"2020-09-18T08:46:49+00:00\",\"breadcrumb\":{\"@id\":\"https:\/\/atr.com.pl\/?page_id=673#breadcrumb\"},\"inLanguage\":\"pl-PL\",\"potentialAction\":[{\"@type\":\"ReadAction\",\"target\":[\"https:\/\/atr.com.pl\/?page_id=673\"]}]},{\"@type\":\"ImageObject\",\"inLanguage\":\"pl-PL\",\"@id\":\"https:\/\/atr.com.pl\/?page_id=673#primaryimage\",\"url\":\"https:\/\/atr.com.pl\/wp-content\/uploads\/2020\/09\/baner-handel-z-magazynem-1920x640-1.png\",\"contentUrl\":\"https:\/\/atr.com.pl\/wp-content\/uploads\/2020\/09\/baner-handel-z-magazynem-1920x640-1.png\",\"width\":1920,\"height\":640},{\"@type\":\"BreadcrumbList\",\"@id\":\"https:\/\/atr.com.pl\/?page_id=673#breadcrumb\",\"itemListElement\":[{\"@type\":\"ListItem\",\"position\":1,\"name\":\"Home\",\"item\":\"https:\/\/atr.com.pl\/\"},{\"@type\":\"ListItem\",\"position\":2,\"name\":\"ATR &#8211; Inteligentne Rozwi\u0105zania ERP\",\"item\":\"https:\/\/atr.com.pl\/?page_id=83\"},{\"@type\":\"ListItem\",\"position\":3,\"name\":\"Comarch ERP Opt!ma\",\"item\":\"https:\/\/atr.com.pl\/?page_id=643\"},{\"@type\":\"ListItem\",\"position\":4,\"name\":\"Comarch ERP Optima handel\"}]},{\"@type\":\"WebSite\",\"@id\":\"https:\/\/atr.com.pl\/#website\",\"url\":\"https:\/\/atr.com.pl\/\",\"name\":\"\",\"description\":\"\",\"potentialAction\":[{\"@type\":\"SearchAction\",\"target\":{\"@type\":\"EntryPoint\",\"urlTemplate\":\"https:\/\/atr.com.pl\/?s={search_term_string}\"},\"query-input\":{\"@type\":\"PropertyValueSpecification\",\"valueRequired\":true,\"valueName\":\"search_term_string\"}}],\"inLanguage\":\"pl-PL\"}]}<\/script>\n<!-- \/ Yoast SEO plugin. -->","yoast_head_json":{"title":"Comarch ERP Optima handel -","robots":{"index":"index","follow":"follow","max-snippet":"max-snippet:-1","max-image-preview":"max-image-preview:large","max-video-preview":"max-video-preview:-1"},"canonical":"https:\/\/atr.com.pl\/?page_id=673","og_locale":"pl_PL","og_type":"article","og_title":"Comarch ERP Optima handel -","og_description":"Previous Next Comaech ERP Optima obszar handel i magazyn Comarch ERP Optima Handel to modu\u0142 wspomagaj\u0105cy sprzeda\u017c i magazynowanie. Modu\u0142 ten zawiera wszystkie funkcjonalno\u015bci modu\u0142u Faktury, a tak\u017ce gwarantuje pe\u0142n\u0105 ...","og_url":"https:\/\/atr.com.pl\/?page_id=673","article_modified_time":"2020-09-18T08:46:49+00:00","og_image":[{"width":1920,"height":640,"url":"https:\/\/atr.com.pl\/wp-content\/uploads\/2020\/09\/baner-handel-z-magazynem-1920x640-1.png","type":"image\/png"}],"twitter_card":"summary_large_image","twitter_misc":{"Szacowany czas czytania":"4 minuty"},"schema":{"@context":"https:\/\/schema.org","@graph":[{"@type":"WebPage","@id":"https:\/\/atr.com.pl\/?page_id=673","url":"https:\/\/atr.com.pl\/?page_id=673","name":"Comarch ERP Optima handel -","isPartOf":{"@id":"https:\/\/atr.com.pl\/#website"},"primaryImageOfPage":{"@id":"https:\/\/atr.com.pl\/?page_id=673#primaryimage"},"image":{"@id":"https:\/\/atr.com.pl\/?page_id=673#primaryimage"},"thumbnailUrl":"https:\/\/atr.com.pl\/wp-content\/uploads\/2020\/09\/baner-handel-z-magazynem-1920x640-1.png","datePublished":"2020-08-21T12:37:32+00:00","dateModified":"2020-09-18T08:46:49+00:00","breadcrumb":{"@id":"https:\/\/atr.com.pl\/?page_id=673#breadcrumb"},"inLanguage":"pl-PL","potentialAction":[{"@type":"ReadAction","target":["https:\/\/atr.com.pl\/?page_id=673"]}]},{"@type":"ImageObject","inLanguage":"pl-PL","@id":"https:\/\/atr.com.pl\/?page_id=673#primaryimage","url":"https:\/\/atr.com.pl\/wp-content\/uploads\/2020\/09\/baner-handel-z-magazynem-1920x640-1.png","contentUrl":"https:\/\/atr.com.pl\/wp-content\/uploads\/2020\/09\/baner-handel-z-magazynem-1920x640-1.png","width":1920,"height":640},{"@type":"BreadcrumbList","@id":"https:\/\/atr.com.pl\/?page_id=673#breadcrumb","itemListElement":[{"@type":"ListItem","position":1,"name":"Home","item":"https:\/\/atr.com.pl\/"},{"@type":"ListItem","position":2,"name":"ATR &#8211; Inteligentne Rozwi\u0105zania ERP","item":"https:\/\/atr.com.pl\/?page_id=83"},{"@type":"ListItem","position":3,"name":"Comarch ERP Opt!ma","item":"https:\/\/atr.com.pl\/?page_id=643"},{"@type":"ListItem","position":4,"name":"Comarch ERP Optima handel"}]},{"@type":"WebSite","@id":"https:\/\/atr.com.pl\/#website","url":"https:\/\/atr.com.pl\/","name":"","description":"","potentialAction":[{"@type":"SearchAction","target":{"@type":"EntryPoint","urlTemplate":"https:\/\/atr.com.pl\/?s={search_term_string}"},"query-input":{"@type":"PropertyValueSpecification","valueRequired":true,"valueName":"search_term_string"}}],"inLanguage":"pl-PL"}]}},"_links":{"self":[{"href":"https:\/\/atr.com.pl\/index.php?rest_route=\/wp\/v2\/pages\/673","targetHints":{"allow":["GET"]}}],"collection":[{"href":"https:\/\/atr.com.pl\/index.php?rest_route=\/wp\/v2\/pages"}],"about":[{"href":"https:\/\/atr.com.pl\/index.php?rest_route=\/wp\/v2\/types\/page"}],"author":[{"embeddable":true,"href":"https:\/\/atr.com.pl\/index.php?rest_route=\/wp\/v2\/users\/1"}],"replies":[{"embeddable":true,"href":"https:\/\/atr.com.pl\/index.php?rest_route=%2Fwp%2Fv2%2Fcomments&post=673"}],"version-history":[{"count":6,"href":"https:\/\/atr.com.pl\/index.php?rest_route=\/wp\/v2\/pages\/673\/revisions"}],"predecessor-version":[{"id":741,"href":"https:\/\/atr.com.pl\/index.php?rest_route=\/wp\/v2\/pages\/673\/revisions\/741"}],"up":[{"embeddable":true,"href":"https:\/\/atr.com.pl\/index.php?rest_route=\/wp\/v2\/pages\/643"}],"wp:featuredmedia":[{"embeddable":true,"href":"https:\/\/atr.com.pl\/index.php?rest_route=\/wp\/v2\/media\/740"}],"wp:attachment":[{"href":"https:\/\/atr.com.pl\/index.php?rest_route=%2Fwp%2Fv2%2Fmedia&parent=673"}],"curies":[{"name":"wp","href":"https:\/\/api.w.org\/{rel}","templated":true}]}}