{"id":521,"date":"2020-08-20T10:25:05","date_gmt":"2020-08-20T08:25:05","guid":{"rendered":"https:\/\/atr.com.pl\/?page_id=521"},"modified":"2020-08-21T10:07:46","modified_gmt":"2020-08-21T08:07:46","slug":"mobile","status":"publish","type":"page","link":"https:\/\/atr.com.pl\/?page_id=521","title":{"rendered":"MOBILE"},"content":{"rendered":"\t\t<div data-elementor-type=\"wp-page\" data-elementor-id=\"521\" class=\"elementor elementor-521\">\n\t\t\t\t\t\t<section class=\"elementor-section elementor-top-section elementor-element elementor-element-62a62838 elementor-section-boxed elementor-section-height-default elementor-section-height-default\" data-id=\"62a62838\" data-element_type=\"section\">\n\t\t\t\t\t\t<div class=\"elementor-container elementor-column-gap-default\">\n\t\t\t\t\t<div class=\"elementor-column elementor-col-100 elementor-top-column elementor-element elementor-element-2dad190b\" data-id=\"2dad190b\" data-element_type=\"column\">\n\t\t\t<div class=\"elementor-widget-wrap elementor-element-populated\">\n\t\t\t\t\t\t<div class=\"elementor-element elementor-element-5fb7e88 elementor-widget elementor-widget-text-editor\" data-id=\"5fb7e88\" data-element_type=\"widget\" data-widget_type=\"text-editor.default\">\n\t\t\t\t<div class=\"elementor-widget-container\">\n\t\t\t\t\t\t\t\t\t<section id=\"widget-14601\" class=\"two-columns-with-gallery\"><div class=\"grid__container\"><div class=\"grid__row\"><div class=\"grid__col--6 two-columns-with-gallery__col\"><div class=\"h-wysiwyg two-columns-with-gallery__wysiwyg\"><h2>Poznaj korzy\u015bci<\/h2><p><strong>Comarch Mobile Zarz\u0105dzanie<\/strong>\u00a0to aplikacja dla dyrektor\u00f3w i kierownik\u00f3w sprzeda\u017cy umo\u017cliwiaj\u0105ca sprawne zarz\u0105dzanie pracownikami mobilnymi na dowolnym urz\u0105dzeniu, w dowolnym miejscu poprzez:\u00a0<\/p><ul><li>szybki spos\u00f3b\u00a0<strong>planowania, przeplanowywania, potwierdzania i odrzucania dzia\u0142a\u0144<\/strong>\u00a0pracownikom,\u00a0<\/li><li><strong>tworzenie wzorc\u00f3w<\/strong>\u00a0wizyt handlowych oraz ich\u00a0<b>realizacja<\/b>,<\/li><li>analizowanie danych z wykorzystanie\u00a0<strong>raport\u00f3w<\/strong>,<\/li><li><strong>optymalizacja tras<\/strong>, podczas planowania dzia\u0142a\u0144,<\/li><li><strong>podgl\u0105d dzia\u0142a\u0144<\/strong> wykonanych przez pracownik\u00f3w w aplikacji mobilnej Comarch Mobile Sprzeda\u017c lub Comarch Mobile Zakupy,\u00a0<\/li><li>mo\u017cliwo\u015b\u0107 sprawdzenia\u00a0<strong>aktualnego po\u0142o\u017cenia pracownik\u00f3w<\/strong>\u00a0oraz\u00a0<strong>analizy zarejestrowanych<\/strong>\u00a0przez nich\u00a0<strong>tras<\/strong>,<\/li><li>dodawanie i edytowanie znacznik\u00f3w (<strong>status\u00f3w pracy<\/strong>), wymaganych do raportowania pracy pracownik\u00f3w,<\/li><li>sprawn\u0105\u00a0<strong>komunikacj\u0119 z pracownikami<\/strong>\u00a0oraz mo\u017cliwo\u015b\u0107\u00a0<strong>przekazywania pilnych wiadomo\u015bci<\/strong>,\u00a0<\/li><li>zarz\u0105dzanie\u00a0<strong>rejonami, pracownikami<\/strong>\u00a0oraz\u00a0<strong>kontrahentami<\/strong>.<\/li><\/ul><p>\u00a0<\/p><p><strong>Responsive Web Design<\/strong>\u00a0sprawia, \u017ce strony aplikacji automatycznie dostosowuj\u0105 si\u0119 do rozmiaru ekranu w zwi\u0105zku z czym aplikacja jest przejrzysta i wygodna w u\u017cytkowaniu na ka\u017cdym urz\u0105dzeniu typu smartfon, tablet, PC.<\/p><p>\u00a0<\/p><p>W zale\u017cno\u015bci od systemu Comarch ERP z jakim wsp\u00f3\u0142pracuje aplikacja mobilna, dost\u0119pno\u015b\u0107 poszczeg\u00f3lnych funkcjonalno\u015bci mo\u017ce by\u0107 zr\u00f3\u017cnicowana. Zach\u0119camy do kontaktu z nami w celu pozyskania szczeg\u00f3\u0142owych informacji.<\/p><\/div><\/div><div class=\"grid__col--6 two-columns-with-gallery__col\"><div class=\"img-gallery\"><div class=\"img-gallery__gallery swiper-container-initialized swiper-container-horizontal\"><div class=\"img-gallery__nav\"><div class=\"img-gallery__arrows\"><p>\u00a0<\/p><\/div><\/div><\/div><div class=\"img-gallery__thumbs swiper-container-initialized swiper-container-horizontal swiper-container-free-mode swiper-container-thumbs\"><p>\u00a0<\/p><\/div><\/div><\/div><\/div><\/div><\/section><section id=\"widget-6829\" class=\"w-simple-wysiwyg-two-columns js-simple-wysiwyg-two-columns light-gray-back\n\"><div class=\"grid__container\"><div class=\"w-simple-wysiwyg-two-columns__row\n\"><div class=\"w-simple-wysiwyg-two-columns__column\"><div class=\"w-simple-wysiwyg-two-columns__column-wrapper  h-wysiwyg\"><h2>Monitorowanie<\/h2><p>Dla pracownik\u00f3w przebywaj\u0105cych poza biurem istotna jest mo\u017cliwo\u015b\u0107 \u0142atwej komunikacji z wsp\u00f3\u0142pracownikami. Z kolei z punktu widzenia os\u00f3b zarz\u0105dzaj\u0105cych wa\u017cn\u0105 kwesti\u0105 jest monitorowanie aktualnego po\u0142o\u017cenia pracownik\u00f3w oraz tras przejazd\u00f3w przedstawicieli handlowych zarejestrowane w Comarch Mobile Sprzeda\u017c, Comarch Mobile Zakupy, czy serwisant\u00f3w w Comarch Mobile Serwis.\u00a0<\/p><p>Kierownicy odpowiedzialni za wybranych pracownik\u00f3w w firmie mog\u0105 w wygodny spos\u00f3b poprzez przegl\u0105dark\u0119 internetow\u0105:<\/p><ul><li><strong>monitorowa\u0107 bie\u017c\u0105ce pozycje pracownik\u00f3w<\/strong>\u00a0z perspektywy mapy,<\/li><li>sprawdza\u0107, czy\u00a0<strong>trasy zosta\u0142y zaplanowane i wykonane optymalnie<\/strong>\u00a0do potrzeb,<\/li><li>definiowa\u0107\u00a0<strong>indywidualne statusy pracy<\/strong>\u00a0wymagane do raportowania pracy pracownik\u00f3w,<\/li><li>sprawdza\u0107\u00a0<strong>pozycje GPS pracownik\u00f3w\u00a0<\/strong>oraz miejsce wykonania zadanych dzia\u0142a\u0144 (np. utworzenie dokumentu, wykonanie zdj\u0119cia ekspozycji z poziomu aplikacji mobilnej Comarch Mobile Sprzeda\u017c, Comarch Mobile Zakupy, czy serwisant\u00f3w w Comarch Mobile Serwis.\u00a0<\/li><li>przesy\u0142a\u0107 pilne\u00a0<strong>wiadomo\u015bci do swoich pracownik\u00f3w<\/strong>.<\/li><\/ul><\/div><\/div><div class=\"w-simple-wysiwyg-two-columns__column\"><div class=\"w-simple-wysiwyg-two-columns__column-wrapper  h-wysiwyg\"><p>\u00a0<\/p><p>\u00a0<\/p><p>\u00a0<\/p><p><img decoding=\"async\" src=\"https:\/\/www.comarch.pl\/files-pl\/file_177\/mobilny-kieronik-erp.png\" alt=\"\" \/><\/p><\/div><\/div><\/div><\/div><\/section><section id=\"widget-6830\" class=\"w-simple-wysiwyg-two-columns js-simple-wysiwyg-two-columns empty\n\"><div class=\"grid__container\"><div class=\"w-simple-wysiwyg-two-columns__row\n\"><div class=\"w-simple-wysiwyg-two-columns__column w-simple-wysiwyg-two-columns__column--swap\"><div class=\"w-simple-wysiwyg-two-columns__column-wrapper empty h-wysiwyg\"><h2>Optymalnie zaplanowany dzie\u0144 pracy<\/h2><p>Kierownik planuj\u0105c dzia\u0142ania swoim pracownikom mo\u017ce uwzgl\u0119dni\u0107 najbardziej optymaln\u0105 tras\u0119 oraz czas potrzebny na przejazd. Dodatkowo mo\u017cna wy\u015bwietla\u0107 nat\u0119\u017cenie ruchu, co r\u00f3wnie\u017c usprawni planowanie dzia\u0142a\u0144.<\/p><p><strong>Zaplanuj optymalny dzie\u0144 pracy podw\u0142adnego w czterech krokach:<\/strong><\/p><ol><li>Wybierz wzorzec wizyty handlowej oraz wska\u017c miejsce jej rozpocz\u0119cia. Tu te\u017c mo\u017cesz okre\u015bli\u0107 czy wizyta b\u0119dzie realizowana w Comarch Mobile Sprzeda\u017c (offline) czy w Comarch Mobile Zarz\u0105dzanie (online).\u00a0\u00a0<\/li><li>Zweryfikuj elementy wizyty handlowej &#8211; w razie potrzeby mo\u017cesz z tego miejsca doda\u0107 nowe elementy.<\/li><li>Wybierz kontrahent\u00f3w, kt\u00f3rych powinien odwiedzi\u0107 pracownik.\u00a0<\/li><li>System sam zaplanuje optymaln\u0105 tras\u0119 przejazdu i poka\u017ce j\u0105 na mapie.<\/li><\/ol><p>Z planowania dzia\u0142a\u0144 z wykorzystaniem optymalizacji tras mo\u017ce korzysta\u0107 zar\u00f3wno kierownik (dla swoich przedstawicieli handlowych czy serwisant\u00f3w), jak r\u00f3wnie\u017c sam pracownik mobilny dzia\u0142aj\u0105cy w terenie.<\/p><\/div><\/div><div class=\"w-simple-wysiwyg-two-columns__column\"><div class=\"w-simple-wysiwyg-two-columns__column-wrapper empty h-wysiwyg\"><p><img decoding=\"async\" src=\"https:\/\/www.comarch.pl\/files-pl\/file_177\/r_optymalne-planowanie.jpg\" alt=\"\" border=\"0\" \/><\/p><\/div><\/div><\/div><\/div><\/section>\t\t\t\t\t\t\t\t<\/div>\n\t\t\t\t<\/div>\n\t\t\t\t\t<\/div>\n\t\t<\/div>\n\t\t\t\t\t<\/div>\n\t\t<\/section>\n\t\t\t\t<\/div>\n\t\t","protected":false},"excerpt":{"rendered":"<p>Poznaj korzy\u015bci Comarch Mobile Zarz\u0105dzanie&nbsp;to aplikacja dla dyrektor\u00f3w i kierownik\u00f3w sprzeda\u017cy umo\u017cliwiaj\u0105ca sprawne zarz\u0105dzanie pracownikami mobilnymi na dowolnym urz\u0105dzeniu, w dowolnym miejscu poprzez:&nbsp; szybki spos\u00f3b&nbsp;planowania, przeplanowywania, potwierdzania i odrzucania dzia\u0142a\u0144&nbsp;pracownikom,&nbsp; &#8230;<\/p>\n","protected":false},"author":1,"featured_media":0,"parent":87,"menu_order":0,"comment_status":"closed","ping_status":"closed","template":"","meta":{"footnotes":""},"class_list":["post-521","page","type-page","status-publish","hentry"],"yoast_head":"<!-- This site is optimized with the Yoast SEO plugin v25.3.1 - https:\/\/yoast.com\/wordpress\/plugins\/seo\/ -->\n<title>MOBILE -<\/title>\n<meta name=\"robots\" content=\"index, follow, max-snippet:-1, max-image-preview:large, max-video-preview:-1\" \/>\n<link rel=\"canonical\" href=\"https:\/\/atr.com.pl\/?page_id=521\" \/>\n<meta property=\"og:locale\" content=\"pl_PL\" \/>\n<meta property=\"og:type\" content=\"article\" \/>\n<meta property=\"og:title\" content=\"MOBILE -\" \/>\n<meta property=\"og:description\" content=\"Poznaj korzy\u015bci Comarch Mobile Zarz\u0105dzanie&nbsp;to aplikacja dla dyrektor\u00f3w i kierownik\u00f3w sprzeda\u017cy umo\u017cliwiaj\u0105ca sprawne zarz\u0105dzanie pracownikami mobilnymi na dowolnym urz\u0105dzeniu, w dowolnym miejscu poprzez:&nbsp; szybki spos\u00f3b&nbsp;planowania, przeplanowywania, potwierdzania i odrzucania dzia\u0142a\u0144&nbsp;pracownikom,&nbsp; ...\" \/>\n<meta property=\"og:url\" content=\"https:\/\/atr.com.pl\/?page_id=521\" \/>\n<meta property=\"article:modified_time\" content=\"2020-08-21T08:07:46+00:00\" \/>\n<meta property=\"og:image\" content=\"https:\/\/www.comarch.pl\/files-pl\/file_177\/mobilny-kieronik-erp.png\" \/>\n<meta name=\"twitter:card\" content=\"summary_large_image\" \/>\n<meta name=\"twitter:label1\" content=\"Szacowany czas czytania\" \/>\n\t<meta name=\"twitter:data1\" content=\"3 minuty\" \/>\n<script type=\"application\/ld+json\" class=\"yoast-schema-graph\">{\"@context\":\"https:\/\/schema.org\",\"@graph\":[{\"@type\":\"WebPage\",\"@id\":\"https:\/\/atr.com.pl\/?page_id=521\",\"url\":\"https:\/\/atr.com.pl\/?page_id=521\",\"name\":\"MOBILE -\",\"isPartOf\":{\"@id\":\"https:\/\/atr.com.pl\/#website\"},\"primaryImageOfPage\":{\"@id\":\"https:\/\/atr.com.pl\/?page_id=521#primaryimage\"},\"image\":{\"@id\":\"https:\/\/atr.com.pl\/?page_id=521#primaryimage\"},\"thumbnailUrl\":\"https:\/\/www.comarch.pl\/files-pl\/file_177\/mobilny-kieronik-erp.png\",\"datePublished\":\"2020-08-20T08:25:05+00:00\",\"dateModified\":\"2020-08-21T08:07:46+00:00\",\"breadcrumb\":{\"@id\":\"https:\/\/atr.com.pl\/?page_id=521#breadcrumb\"},\"inLanguage\":\"pl-PL\",\"potentialAction\":[{\"@type\":\"ReadAction\",\"target\":[\"https:\/\/atr.com.pl\/?page_id=521\"]}]},{\"@type\":\"ImageObject\",\"inLanguage\":\"pl-PL\",\"@id\":\"https:\/\/atr.com.pl\/?page_id=521#primaryimage\",\"url\":\"https:\/\/www.comarch.pl\/files-pl\/file_177\/mobilny-kieronik-erp.png\",\"contentUrl\":\"https:\/\/www.comarch.pl\/files-pl\/file_177\/mobilny-kieronik-erp.png\"},{\"@type\":\"BreadcrumbList\",\"@id\":\"https:\/\/atr.com.pl\/?page_id=521#breadcrumb\",\"itemListElement\":[{\"@type\":\"ListItem\",\"position\":1,\"name\":\"Home\",\"item\":\"https:\/\/atr.com.pl\/\"},{\"@type\":\"ListItem\",\"position\":2,\"name\":\"ATR &#8211; Comarch Partner &#8211; Produkty\",\"item\":\"https:\/\/atr.com.pl\/?page_id=87\"},{\"@type\":\"ListItem\",\"position\":3,\"name\":\"MOBILE\"}]},{\"@type\":\"WebSite\",\"@id\":\"https:\/\/atr.com.pl\/#website\",\"url\":\"https:\/\/atr.com.pl\/\",\"name\":\"\",\"description\":\"\",\"potentialAction\":[{\"@type\":\"SearchAction\",\"target\":{\"@type\":\"EntryPoint\",\"urlTemplate\":\"https:\/\/atr.com.pl\/?s={search_term_string}\"},\"query-input\":{\"@type\":\"PropertyValueSpecification\",\"valueRequired\":true,\"valueName\":\"search_term_string\"}}],\"inLanguage\":\"pl-PL\"}]}<\/script>\n<!-- \/ Yoast SEO plugin. -->","yoast_head_json":{"title":"MOBILE -","robots":{"index":"index","follow":"follow","max-snippet":"max-snippet:-1","max-image-preview":"max-image-preview:large","max-video-preview":"max-video-preview:-1"},"canonical":"https:\/\/atr.com.pl\/?page_id=521","og_locale":"pl_PL","og_type":"article","og_title":"MOBILE -","og_description":"Poznaj korzy\u015bci Comarch Mobile Zarz\u0105dzanie&nbsp;to aplikacja dla dyrektor\u00f3w i kierownik\u00f3w sprzeda\u017cy umo\u017cliwiaj\u0105ca sprawne zarz\u0105dzanie pracownikami mobilnymi na dowolnym urz\u0105dzeniu, w dowolnym miejscu poprzez:&nbsp; szybki spos\u00f3b&nbsp;planowania, przeplanowywania, potwierdzania i odrzucania dzia\u0142a\u0144&nbsp;pracownikom,&nbsp; ...","og_url":"https:\/\/atr.com.pl\/?page_id=521","article_modified_time":"2020-08-21T08:07:46+00:00","og_image":[{"url":"https:\/\/www.comarch.pl\/files-pl\/file_177\/mobilny-kieronik-erp.png","type":"","width":"","height":""}],"twitter_card":"summary_large_image","twitter_misc":{"Szacowany czas czytania":"3 minuty"},"schema":{"@context":"https:\/\/schema.org","@graph":[{"@type":"WebPage","@id":"https:\/\/atr.com.pl\/?page_id=521","url":"https:\/\/atr.com.pl\/?page_id=521","name":"MOBILE -","isPartOf":{"@id":"https:\/\/atr.com.pl\/#website"},"primaryImageOfPage":{"@id":"https:\/\/atr.com.pl\/?page_id=521#primaryimage"},"image":{"@id":"https:\/\/atr.com.pl\/?page_id=521#primaryimage"},"thumbnailUrl":"https:\/\/www.comarch.pl\/files-pl\/file_177\/mobilny-kieronik-erp.png","datePublished":"2020-08-20T08:25:05+00:00","dateModified":"2020-08-21T08:07:46+00:00","breadcrumb":{"@id":"https:\/\/atr.com.pl\/?page_id=521#breadcrumb"},"inLanguage":"pl-PL","potentialAction":[{"@type":"ReadAction","target":["https:\/\/atr.com.pl\/?page_id=521"]}]},{"@type":"ImageObject","inLanguage":"pl-PL","@id":"https:\/\/atr.com.pl\/?page_id=521#primaryimage","url":"https:\/\/www.comarch.pl\/files-pl\/file_177\/mobilny-kieronik-erp.png","contentUrl":"https:\/\/www.comarch.pl\/files-pl\/file_177\/mobilny-kieronik-erp.png"},{"@type":"BreadcrumbList","@id":"https:\/\/atr.com.pl\/?page_id=521#breadcrumb","itemListElement":[{"@type":"ListItem","position":1,"name":"Home","item":"https:\/\/atr.com.pl\/"},{"@type":"ListItem","position":2,"name":"ATR &#8211; Comarch Partner &#8211; Produkty","item":"https:\/\/atr.com.pl\/?page_id=87"},{"@type":"ListItem","position":3,"name":"MOBILE"}]},{"@type":"WebSite","@id":"https:\/\/atr.com.pl\/#website","url":"https:\/\/atr.com.pl\/","name":"","description":"","potentialAction":[{"@type":"SearchAction","target":{"@type":"EntryPoint","urlTemplate":"https:\/\/atr.com.pl\/?s={search_term_string}"},"query-input":{"@type":"PropertyValueSpecification","valueRequired":true,"valueName":"search_term_string"}}],"inLanguage":"pl-PL"}]}},"_links":{"self":[{"href":"https:\/\/atr.com.pl\/index.php?rest_route=\/wp\/v2\/pages\/521","targetHints":{"allow":["GET"]}}],"collection":[{"href":"https:\/\/atr.com.pl\/index.php?rest_route=\/wp\/v2\/pages"}],"about":[{"href":"https:\/\/atr.com.pl\/index.php?rest_route=\/wp\/v2\/types\/page"}],"author":[{"embeddable":true,"href":"https:\/\/atr.com.pl\/index.php?rest_route=\/wp\/v2\/users\/1"}],"replies":[{"embeddable":true,"href":"https:\/\/atr.com.pl\/index.php?rest_route=%2Fwp%2Fv2%2Fcomments&post=521"}],"version-history":[{"count":5,"href":"https:\/\/atr.com.pl\/index.php?rest_route=\/wp\/v2\/pages\/521\/revisions"}],"predecessor-version":[{"id":591,"href":"https:\/\/atr.com.pl\/index.php?rest_route=\/wp\/v2\/pages\/521\/revisions\/591"}],"up":[{"embeddable":true,"href":"https:\/\/atr.com.pl\/index.php?rest_route=\/wp\/v2\/pages\/87"}],"wp:attachment":[{"href":"https:\/\/atr.com.pl\/index.php?rest_route=%2Fwp%2Fv2%2Fmedia&parent=521"}],"curies":[{"name":"wp","href":"https:\/\/api.w.org\/{rel}","templated":true}]}}