{"id":129,"date":"2020-07-06T10:00:38","date_gmt":"2020-07-06T08:00:38","guid":{"rendered":"https:\/\/atr.com.pl\/?page_id=129"},"modified":"2023-04-21T09:08:55","modified_gmt":"2023-04-21T07:08:55","slug":"atr-comarch-partneratr","status":"publish","type":"page","link":"https:\/\/atr.com.pl\/","title":{"rendered":"ATR &#8211; Comarch Partner"},"content":{"rendered":"\t\t<div data-elementor-type=\"wp-page\" data-elementor-id=\"129\" class=\"elementor elementor-129\">\n\t\t\t\t\t\t<section class=\"elementor-section elementor-top-section elementor-element elementor-element-ea1fe5d elementor-section-boxed elementor-section-height-default elementor-section-height-default\" data-id=\"ea1fe5d\" data-element_type=\"section\">\n\t\t\t\t\t\t<div class=\"elementor-container elementor-column-gap-default\">\n\t\t\t\t\t<div class=\"elementor-column elementor-col-100 elementor-top-column elementor-element elementor-element-bbe36b9\" data-id=\"bbe36b9\" data-element_type=\"column\">\n\t\t\t<div class=\"elementor-widget-wrap elementor-element-populated\">\n\t\t\t\t\t\t<section class=\"elementor-section elementor-inner-section elementor-element elementor-element-e15430b elementor-section-boxed elementor-section-height-default elementor-section-height-default\" data-id=\"e15430b\" data-element_type=\"section\">\n\t\t\t\t\t\t<div class=\"elementor-container elementor-column-gap-default\">\n\t\t\t\t\t<div class=\"elementor-column elementor-col-50 elementor-inner-column elementor-element elementor-element-d32b9b0\" data-id=\"d32b9b0\" data-element_type=\"column\">\n\t\t\t<div class=\"elementor-widget-wrap elementor-element-populated\">\n\t\t\t\t\t\t<div class=\"elementor-element elementor-element-d776f46 elementor-widget elementor-widget-text-editor\" data-id=\"d776f46\" data-element_type=\"widget\" data-widget_type=\"text-editor.default\">\n\t\t\t\t<div class=\"elementor-widget-container\">\n\t\t\t\t\t\t\t\t\t<h2 class=\"elementor-heading-title elementor-size-default elementor-inline-editing pen\" style=\"font-family: Roboto, sans-serif; color: #6ec1e4;\" data-elementor-setting-key=\"title\" data-pen-placeholder=\"Pisz tutaj...\">Do\u015bwiadczenie<\/h2>\t\t\t\t\t\t\t\t<\/div>\n\t\t\t\t<\/div>\n\t\t\t\t<div class=\"elementor-element elementor-element-09db5c2 elementor-widget elementor-widget-image\" data-id=\"09db5c2\" data-element_type=\"widget\" data-widget_type=\"image.default\">\n\t\t\t\t<div class=\"elementor-widget-container\">\n\t\t\t\t\t\t\t\t\t\t\t\t\t\t\t<img decoding=\"async\" width=\"300\" height=\"150\" src=\"https:\/\/atr.com.pl\/wp-content\/uploads\/2020\/09\/kompletnosc-i-spojnosc-danych-o-produktach-korzysci-1920x640-min-300x150.jpg\" class=\"attachment-onepress-blog-small size-onepress-blog-small wp-image-791\" alt=\"\" \/>\t\t\t\t\t\t\t\t\t\t\t\t\t\t\t<\/div>\n\t\t\t\t<\/div>\n\t\t\t\t\t<\/div>\n\t\t<\/div>\n\t\t\t\t<div class=\"elementor-column elementor-col-50 elementor-inner-column elementor-element elementor-element-b2e0440\" data-id=\"b2e0440\" data-element_type=\"column\">\n\t\t\t<div class=\"elementor-widget-wrap elementor-element-populated\">\n\t\t\t\t\t\t<div class=\"elementor-element elementor-element-5f50ec0 elementor-widget elementor-widget-text-editor\" data-id=\"5f50ec0\" data-element_type=\"widget\" data-widget_type=\"text-editor.default\">\n\t\t\t\t<div class=\"elementor-widget-container\">\n\t\t\t\t\t\t\t\t\t<p>Firma\u00a0<em><strong>ATR\u00a0<\/strong><\/em>dzia\u0142a na rynku IT od 1996 roku.\u00a0 Od 2001 w bliskiej wsp\u00f3\u0142pracy z Comarch. W tym czasie zdobyli\u015bmy spore do\u015bwiadczenie, kt\u00f3re pozwoli\u0142o nam zdoby\u0107 ugruntowan\u0105 pozycj\u0119 na rynku w\u015br\u00f3d dostawc\u00f3w\u00a0\u00a0oprogramowania\u00a0<em><strong>ERP<\/strong><\/em>.<\/p><p>Wiele lat pracy w w\u0105skiej specjalizacji powoduje, \u017ce mamy niezb\u0119dne do\u015bwiadczenie i kwalifikacje potwierdzone odpowiednimi certyfikatami.<\/p><p>Dla naszych rozwi\u0105za\u0144 posiadamy kompletn\u0105 ofert\u0119. Od analiz poprzez projekty, instalacje i konfiguracje sprz\u0119tu oraz oprogramowania \u015bwiatowych lider\u00f3w na specjalnych warunkach. Proponujemy skuteczne rozwi\u0105zania informatyczne w celu u\u0142atwienia funkcjonowania przedsi\u0119biorstw korzystaj\u0105cych z naszych us\u0142ug.<\/p>\t\t\t\t\t\t\t\t<\/div>\n\t\t\t\t<\/div>\n\t\t\t\t\t<\/div>\n\t\t<\/div>\n\t\t\t\t\t<\/div>\n\t\t<\/section>\n\t\t\t\t<section class=\"elementor-section elementor-inner-section elementor-element elementor-element-9fa62cd elementor-section-boxed elementor-section-height-default elementor-section-height-default\" data-id=\"9fa62cd\" data-element_type=\"section\">\n\t\t\t\t\t\t<div class=\"elementor-container elementor-column-gap-default\">\n\t\t\t\t\t<div class=\"elementor-column elementor-col-50 elementor-inner-column elementor-element elementor-element-da386f5\" data-id=\"da386f5\" data-element_type=\"column\">\n\t\t\t<div class=\"elementor-widget-wrap elementor-element-populated\">\n\t\t\t\t\t\t<div class=\"elementor-element elementor-element-82b93b1 elementor-widget elementor-widget-heading\" data-id=\"82b93b1\" data-element_type=\"widget\" data-widget_type=\"heading.default\">\n\t\t\t\t<div class=\"elementor-widget-container\">\n\t\t\t\t\t<h2 class=\"elementor-heading-title elementor-size-default\">Bezpiecze\u0144stwo<\/h2>\t\t\t\t<\/div>\n\t\t\t\t<\/div>\n\t\t\t\t<div class=\"elementor-element elementor-element-f4d86f7 elementor-widget elementor-widget-image\" data-id=\"f4d86f7\" data-element_type=\"widget\" data-widget_type=\"image.default\">\n\t\t\t\t<div class=\"elementor-widget-container\">\n\t\t\t\t\t\t\t\t\t\t\t\t\t\t\t<img decoding=\"async\" width=\"300\" height=\"150\" src=\"https:\/\/atr.com.pl\/wp-content\/uploads\/2020\/09\/11-300x150.jpeg\" class=\"attachment-onepress-blog-small size-onepress-blog-small wp-image-902\" alt=\"\" \/>\t\t\t\t\t\t\t\t\t\t\t\t\t\t\t<\/div>\n\t\t\t\t<\/div>\n\t\t\t\t\t<\/div>\n\t\t<\/div>\n\t\t\t\t<div class=\"elementor-column elementor-col-50 elementor-inner-column elementor-element elementor-element-5262f30\" data-id=\"5262f30\" data-element_type=\"column\">\n\t\t\t<div class=\"elementor-widget-wrap elementor-element-populated\">\n\t\t\t\t\t\t<div class=\"elementor-element elementor-element-10c52e7 elementor-widget elementor-widget-text-editor\" data-id=\"10c52e7\" data-element_type=\"widget\" data-widget_type=\"text-editor.default\">\n\t\t\t\t<div class=\"elementor-widget-container\">\n\t\t\t\t\t\t\t\t\t<p>Zapewniamy klientom wysoki poziom bezpiecze\u0144stwa dzi\u0119ki systematycznie rozwijanej infrastrukturze oraz szybkiej reakcji zar\u00f3wno na nowe rozwi\u0105zania IT, jak i zagro\u017cenia technologiczne.<\/p><p>Ilo\u015b\u0107 kluczowych danych, kt\u00f3re nie mog\u0105 by\u0107 utracone przez firm\u0119, systematycznie ro\u015bnie w miar\u0119 rozwoju przedsi\u0119biorstwa. Dlatego te\u017c technologie, kt\u00f3re odpowiadaj\u0105 za sk\u0142adowanie i zarz\u0105dzanie danymi, sta\u0142y si\u0119 dobrem strategicznym, maj\u0105cym znacz\u0105cy wp\u0142yw na ci\u0105g\u0142o\u015b\u0107 dzia\u0142ania przedsi\u0119biorstwa.<\/p><p>Proponujemy us\u0142ugi, kt\u00f3re pozwalaj\u0105 na zbudowanie kompleksowego rozwi\u0105zania zapewniaj\u0105cego ci\u0105g\u0142o\u015b\u0107 najwa\u017cniejszych us\u0142ug z punktu widzenia prowadzonego biznesu. Kluczow\u0105 warto\u015bci\u0105 rozwi\u0105za\u0144 jest przygotowanie przedsi\u0119biorstwa do dzia\u0142ania w sytuacji krytycznej z punkty widzenia u\u017cytkowanej infrastruktury IT.<\/p>\t\t\t\t\t\t\t\t<\/div>\n\t\t\t\t<\/div>\n\t\t\t\t\t<\/div>\n\t\t<\/div>\n\t\t\t\t\t<\/div>\n\t\t<\/section>\n\t\t\t\t<section class=\"elementor-section elementor-inner-section elementor-element elementor-element-5176fc6 elementor-section-boxed elementor-section-height-default elementor-section-height-default\" data-id=\"5176fc6\" data-element_type=\"section\">\n\t\t\t\t\t\t<div class=\"elementor-container elementor-column-gap-default\">\n\t\t\t\t\t<div class=\"elementor-column elementor-col-50 elementor-inner-column elementor-element elementor-element-aa9c3b1\" data-id=\"aa9c3b1\" data-element_type=\"column\">\n\t\t\t<div class=\"elementor-widget-wrap elementor-element-populated\">\n\t\t\t\t\t\t<div class=\"elementor-element elementor-element-e180a70 elementor-widget elementor-widget-heading\" data-id=\"e180a70\" data-element_type=\"widget\" data-widget_type=\"heading.default\">\n\t\t\t\t<div class=\"elementor-widget-container\">\n\t\t\t\t\t<h2 class=\"elementor-heading-title elementor-size-default\">Pomoc<\/h2>\t\t\t\t<\/div>\n\t\t\t\t<\/div>\n\t\t\t\t<div class=\"elementor-element elementor-element-428def8 elementor-widget elementor-widget-image\" data-id=\"428def8\" data-element_type=\"widget\" data-widget_type=\"image.default\">\n\t\t\t\t<div class=\"elementor-widget-container\">\n\t\t\t\t\t\t\t\t\t\t\t\t\t\t\t<img decoding=\"async\" width=\"300\" height=\"150\" src=\"https:\/\/atr.com.pl\/wp-content\/uploads\/2020\/09\/baner-SG-ComarchOCR-1920x640-23122019-1-300x150.jpg\" class=\"attachment-onepress-blog-small size-onepress-blog-small wp-image-783\" alt=\"\" \/>\t\t\t\t\t\t\t\t\t\t\t\t\t\t\t<\/div>\n\t\t\t\t<\/div>\n\t\t\t\t\t<\/div>\n\t\t<\/div>\n\t\t\t\t<div class=\"elementor-column elementor-col-50 elementor-inner-column elementor-element elementor-element-ce22166\" data-id=\"ce22166\" data-element_type=\"column\">\n\t\t\t<div class=\"elementor-widget-wrap elementor-element-populated\">\n\t\t\t\t\t\t<div class=\"elementor-element elementor-element-14b9164 elementor-widget elementor-widget-text-editor\" data-id=\"14b9164\" data-element_type=\"widget\" data-widget_type=\"text-editor.default\">\n\t\t\t\t<div class=\"elementor-widget-container\">\n\t\t\t\t\t\t\t\t\t<p><span style=\"font-size: 0.875rem;\">Przejrzysta \u015bcie\u017cka wsp\u00f3\u0142pracy i dobrze opracowane procedury buduj\u0105 zaufanie naszych klient\u00f3w.\u00a0\u00a0Dostarczamy szyte na miar\u0119 us\u0142ugi, kt\u00f3rych jako\u015b\u0107 mo\u017cemy zagwarantowa\u0107. Dla naszych rozwi\u0105za\u0144 posiadamy kompletn\u0105 ofert\u0119.\u00a0 Pomagamy firmom wyprzedza\u0107 konkurencj\u0119 i osi\u0105ga\u0107 lepsze wyniki, dzi\u0119ki wsparciu nowoczesnych technologii.<\/span><\/p>\t\t\t\t\t\t\t\t<\/div>\n\t\t\t\t<\/div>\n\t\t\t\t\t<\/div>\n\t\t<\/div>\n\t\t\t\t\t<\/div>\n\t\t<\/section>\n\t\t\t\t<div class=\"elementor-element elementor-element-4359246 elementor-widget elementor-widget-spacer\" data-id=\"4359246\" data-element_type=\"widget\" data-widget_type=\"spacer.default\">\n\t\t\t\t<div class=\"elementor-widget-container\">\n\t\t\t\t\t\t\t<div class=\"elementor-spacer\">\n\t\t\t<div class=\"elementor-spacer-inner\"><\/div>\n\t\t<\/div>\n\t\t\t\t\t\t<\/div>\n\t\t\t\t<\/div>\n\t\t\t\t\t<\/div>\n\t\t<\/div>\n\t\t\t\t\t<\/div>\n\t\t<\/section>\n\t\t\t\t<\/div>\n\t\t","protected":false},"excerpt":{"rendered":"<p>Do\u015bwiadczenie Firma\u00a0ATR\u00a0dzia\u0142a na rynku IT od 1996 roku.\u00a0 Od 2001 w bliskiej wsp\u00f3\u0142pracy z Comarch. W tym czasie zdobyli\u015bmy spore do\u015bwiadczenie, kt\u00f3re pozwoli\u0142o nam zdoby\u0107 ugruntowan\u0105 pozycj\u0119 na rynku w\u015br\u00f3d &#8230;<\/p>\n","protected":false},"author":1,"featured_media":723,"parent":0,"menu_order":0,"comment_status":"closed","ping_status":"closed","template":"","meta":{"footnotes":""},"class_list":["post-129","page","type-page","status-publish","has-post-thumbnail","hentry"],"yoast_head":"<!-- This site is optimized with the Yoast SEO plugin v25.3.1 - https:\/\/yoast.com\/wordpress\/plugins\/seo\/ -->\n<title>ATR - Comarch Partner -<\/title>\n<meta name=\"description\" content=\"o firmie\" \/>\n<meta name=\"robots\" content=\"index, follow, max-snippet:-1, max-image-preview:large, max-video-preview:-1\" \/>\n<link rel=\"canonical\" href=\"https:\/\/atr.com.pl\/\" \/>\n<meta property=\"og:locale\" content=\"pl_PL\" \/>\n<meta property=\"og:type\" content=\"article\" \/>\n<meta property=\"og:title\" content=\"ATR - Comarch Partner -\" \/>\n<meta property=\"og:description\" content=\"o firmie\" \/>\n<meta property=\"og:url\" content=\"https:\/\/atr.com.pl\/\" \/>\n<meta property=\"article:modified_time\" content=\"2023-04-21T07:08:55+00:00\" \/>\n<meta property=\"og:image\" content=\"https:\/\/atr.com.pl\/wp-content\/uploads\/2020\/09\/baner-SG-ComarchOCR-1920x640-23122019.jpg\" \/>\n\t<meta property=\"og:image:width\" content=\"1920\" \/>\n\t<meta property=\"og:image:height\" content=\"640\" \/>\n\t<meta property=\"og:image:type\" content=\"image\/jpeg\" \/>\n<meta name=\"twitter:card\" content=\"summary_large_image\" \/>\n<meta name=\"twitter:label1\" content=\"Szacowany czas czytania\" \/>\n\t<meta name=\"twitter:data1\" content=\"1 minuta\" \/>\n<script type=\"application\/ld+json\" class=\"yoast-schema-graph\">{\"@context\":\"https:\/\/schema.org\",\"@graph\":[{\"@type\":\"WebPage\",\"@id\":\"https:\/\/atr.com.pl\/\",\"url\":\"https:\/\/atr.com.pl\/\",\"name\":\"ATR - Comarch Partner -\",\"isPartOf\":{\"@id\":\"https:\/\/atr.com.pl\/#website\"},\"primaryImageOfPage\":{\"@id\":\"https:\/\/atr.com.pl\/#primaryimage\"},\"image\":{\"@id\":\"https:\/\/atr.com.pl\/#primaryimage\"},\"thumbnailUrl\":\"https:\/\/atr.com.pl\/wp-content\/uploads\/2020\/09\/baner-SG-ComarchOCR-1920x640-23122019.jpg\",\"datePublished\":\"2020-07-06T08:00:38+00:00\",\"dateModified\":\"2023-04-21T07:08:55+00:00\",\"description\":\"o firmie\",\"breadcrumb\":{\"@id\":\"https:\/\/atr.com.pl\/#breadcrumb\"},\"inLanguage\":\"pl-PL\",\"potentialAction\":[{\"@type\":\"ReadAction\",\"target\":[\"https:\/\/atr.com.pl\/\"]}]},{\"@type\":\"ImageObject\",\"inLanguage\":\"pl-PL\",\"@id\":\"https:\/\/atr.com.pl\/#primaryimage\",\"url\":\"https:\/\/atr.com.pl\/wp-content\/uploads\/2020\/09\/baner-SG-ComarchOCR-1920x640-23122019.jpg\",\"contentUrl\":\"https:\/\/atr.com.pl\/wp-content\/uploads\/2020\/09\/baner-SG-ComarchOCR-1920x640-23122019.jpg\",\"width\":1920,\"height\":640},{\"@type\":\"BreadcrumbList\",\"@id\":\"https:\/\/atr.com.pl\/#breadcrumb\",\"itemListElement\":[{\"@type\":\"ListItem\",\"position\":1,\"name\":\"Home\",\"item\":\"https:\/\/atr.com.pl\/\"},{\"@type\":\"ListItem\",\"position\":2,\"name\":\"ATR &#8211; Comarch Partner\"}]},{\"@type\":\"WebSite\",\"@id\":\"https:\/\/atr.com.pl\/#website\",\"url\":\"https:\/\/atr.com.pl\/\",\"name\":\"\",\"description\":\"\",\"potentialAction\":[{\"@type\":\"SearchAction\",\"target\":{\"@type\":\"EntryPoint\",\"urlTemplate\":\"https:\/\/atr.com.pl\/?s={search_term_string}\"},\"query-input\":{\"@type\":\"PropertyValueSpecification\",\"valueRequired\":true,\"valueName\":\"search_term_string\"}}],\"inLanguage\":\"pl-PL\"}]}<\/script>\n<!-- \/ Yoast SEO plugin. -->","yoast_head_json":{"title":"ATR - Comarch Partner -","description":"o firmie","robots":{"index":"index","follow":"follow","max-snippet":"max-snippet:-1","max-image-preview":"max-image-preview:large","max-video-preview":"max-video-preview:-1"},"canonical":"https:\/\/atr.com.pl\/","og_locale":"pl_PL","og_type":"article","og_title":"ATR - Comarch Partner -","og_description":"o firmie","og_url":"https:\/\/atr.com.pl\/","article_modified_time":"2023-04-21T07:08:55+00:00","og_image":[{"width":1920,"height":640,"url":"https:\/\/atr.com.pl\/wp-content\/uploads\/2020\/09\/baner-SG-ComarchOCR-1920x640-23122019.jpg","type":"image\/jpeg"}],"twitter_card":"summary_large_image","twitter_misc":{"Szacowany czas czytania":"1 minuta"},"schema":{"@context":"https:\/\/schema.org","@graph":[{"@type":"WebPage","@id":"https:\/\/atr.com.pl\/","url":"https:\/\/atr.com.pl\/","name":"ATR - Comarch Partner -","isPartOf":{"@id":"https:\/\/atr.com.pl\/#website"},"primaryImageOfPage":{"@id":"https:\/\/atr.com.pl\/#primaryimage"},"image":{"@id":"https:\/\/atr.com.pl\/#primaryimage"},"thumbnailUrl":"https:\/\/atr.com.pl\/wp-content\/uploads\/2020\/09\/baner-SG-ComarchOCR-1920x640-23122019.jpg","datePublished":"2020-07-06T08:00:38+00:00","dateModified":"2023-04-21T07:08:55+00:00","description":"o firmie","breadcrumb":{"@id":"https:\/\/atr.com.pl\/#breadcrumb"},"inLanguage":"pl-PL","potentialAction":[{"@type":"ReadAction","target":["https:\/\/atr.com.pl\/"]}]},{"@type":"ImageObject","inLanguage":"pl-PL","@id":"https:\/\/atr.com.pl\/#primaryimage","url":"https:\/\/atr.com.pl\/wp-content\/uploads\/2020\/09\/baner-SG-ComarchOCR-1920x640-23122019.jpg","contentUrl":"https:\/\/atr.com.pl\/wp-content\/uploads\/2020\/09\/baner-SG-ComarchOCR-1920x640-23122019.jpg","width":1920,"height":640},{"@type":"BreadcrumbList","@id":"https:\/\/atr.com.pl\/#breadcrumb","itemListElement":[{"@type":"ListItem","position":1,"name":"Home","item":"https:\/\/atr.com.pl\/"},{"@type":"ListItem","position":2,"name":"ATR &#8211; Comarch Partner"}]},{"@type":"WebSite","@id":"https:\/\/atr.com.pl\/#website","url":"https:\/\/atr.com.pl\/","name":"","description":"","potentialAction":[{"@type":"SearchAction","target":{"@type":"EntryPoint","urlTemplate":"https:\/\/atr.com.pl\/?s={search_term_string}"},"query-input":{"@type":"PropertyValueSpecification","valueRequired":true,"valueName":"search_term_string"}}],"inLanguage":"pl-PL"}]}},"_links":{"self":[{"href":"https:\/\/atr.com.pl\/index.php?rest_route=\/wp\/v2\/pages\/129","targetHints":{"allow":["GET"]}}],"collection":[{"href":"https:\/\/atr.com.pl\/index.php?rest_route=\/wp\/v2\/pages"}],"about":[{"href":"https:\/\/atr.com.pl\/index.php?rest_route=\/wp\/v2\/types\/page"}],"author":[{"embeddable":true,"href":"https:\/\/atr.com.pl\/index.php?rest_route=\/wp\/v2\/users\/1"}],"replies":[{"embeddable":true,"href":"https:\/\/atr.com.pl\/index.php?rest_route=%2Fwp%2Fv2%2Fcomments&post=129"}],"version-history":[{"count":31,"href":"https:\/\/atr.com.pl\/index.php?rest_route=\/wp\/v2\/pages\/129\/revisions"}],"predecessor-version":[{"id":1125,"href":"https:\/\/atr.com.pl\/index.php?rest_route=\/wp\/v2\/pages\/129\/revisions\/1125"}],"wp:featuredmedia":[{"embeddable":true,"href":"https:\/\/atr.com.pl\/index.php?rest_route=\/wp\/v2\/media\/723"}],"wp:attachment":[{"href":"https:\/\/atr.com.pl\/index.php?rest_route=%2Fwp%2Fv2%2Fmedia&parent=129"}],"curies":[{"name":"wp","href":"https:\/\/api.w.org\/{rel}","templated":true}]}}